{"id":865,"date":"2019-10-17T16:57:52","date_gmt":"2019-10-17T19:57:52","guid":{"rendered":"http:\/\/casaglebinias.tehuentec.com\/?page_id=865"},"modified":"2023-05-11T11:30:13","modified_gmt":"2023-05-11T14:30:13","slug":"informaciones-y-politicas-pt","status":"publish","type":"page","link":"https:\/\/casaglebinias.com\/backabril\/pt\/informaciones-y-politicas-pt\/","title":{"rendered":"Informaciones y Pol\u00edticas PT"},"content":{"rendered":"<div class=\"container section informacion\">\n<div class=\"row\">\n<div class=\"col-md-12 text-center\">\n<h1>Informa\u00e7\u00f5es e Pol\u00edticas Casa GlebiniaS<\/h1>\n<div class=\"well info\">\n<p><img decoding=\"async\" loading=\"lazy\" class=\"alignnone size-full wp-image-350\" src=\"https:\/\/casaglebinias.com\/backabril\/wp-content\/uploads\/2019\/10\/iyp_1-ingreso.jpg\" alt=\"info\" width=\"264\" height=\"371\" \/><\/p>\n<p><span style=\"font-weight: 400;\"><strong>Ingresso (&#8220;Check-in&#8221;):<\/strong> A partir das 14:00 hs. Para fazer o Web check-in \u00e9 necess\u00e1rio o cart\u00e3o de identidade ou passaporte de todos os passageiros, que deve incluir uma pessoa maior de 21 anos de idade. \u00c9 permitido entrar ap\u00f3s das 8:30 sem custo adicional ficando nas \u00e1reas de uso comum.<\/span><br \/>\n<span style=\"font-weight: 400;\"><strong>Sa\u00edda (&#8220;Check-out&#8221;):<\/strong> At\u00e9 \u00e0s 11:00 hs. \u00c9 poss\u00edvel estender esse hor\u00e1rio na medida em que outros passageiros n\u00e3o sejam afetados ou permanecer nas \u00e1reas de uso comum. Se sua partida for antes das 8:30, os pagamentos correspondentes dever\u00e3o ser feitos o dia anterior.<\/span><br \/>\n<span style=\"font-weight: 400;\"><strong>Crian\u00e7as:<\/strong> Os quartos podem receber at\u00e9 m\u00e1ximo uma crian\u00e7a menor de 2 anos gratuitamente (ber\u00e7o dispon\u00edvel).<\/span><br \/>\n<span style=\"font-weight: 400;\"><strong>Pol\u00edtica de cancelamento:<\/strong> Cancelamentos anteriores a 15 dias a partir da data da estadia reservada n\u00e3o t\u00eam penaliza\u00e7\u00e3o, entre 15 e 7 dias t\u00eam um custo de 1 noite, com menos de 7 dias deve-se pagar o per\u00edodo total reservado.<\/span><br \/>\n<span style=\"font-weight: 400;\"><strong>Visitantes:<\/strong> Somente com autoriza\u00e7\u00e3o.<\/span><\/p>\n<\/div>\n<div class=\"well info right\">\n<p><img decoding=\"async\" loading=\"lazy\" class=\"alignnone size-full wp-image-351\" src=\"https:\/\/casaglebinias.com\/backabril\/wp-content\/uploads\/2019\/10\/iyp_2-recepcion.jpg\" alt=\"info\" width=\"265\" height=\"381\" \/><\/p>\n<p><span style=\"font-weight: 400;\"><strong>Recep\u00e7\u00e3o:<\/strong> Das 8:30 \u00e0s 22:00. O ingresso de passageiros fora deste hor\u00e1rio deve ser comunicado com anteced\u00eancia.<\/span><br \/>\n<span style=\"font-weight: 400;\"><strong>Atividades e visitas:<\/strong> Os recepcionistas podem informar, orientar e ajudar os passageiros sobre atividades e visitas: restaurantes, degusta\u00e7\u00f5es em vin\u00edcolas, aluguel de bicicletas, turismo aventura, transporte, artistas e artes\u00e3os locais e qualquer outra informa\u00e7\u00e3o ou outra ajuda de que possam precisar em rela\u00e7\u00e3o \u00e0 viagem.<br \/>\nConsidere que todas as atividades precisam de reserva antecipada.<\/span><br \/>\n<span style=\"font-weight: 400;\"><strong>Idiomas:<\/strong> Os idiomas de contato com nossos h\u00f3spedes s\u00e3o espanhol, franc\u00eas, ingl\u00eas, italiano e portugu\u00eas.<\/span><br \/>\n<span style=\"font-weight: 400;\"><strong>Remises e t\u00e1xis:<\/strong> \u201cRemises\u201d e t\u00e1xis podem-se solicitar na recep\u00e7\u00e3o. Sugere-se faz\u00ea-lo o mais cedo poss\u00edvel. Depois das 22:00 somente ve\u00edculos autorizados podem ingressar.<\/span><br \/>\n<span style=\"font-weight: 400;\"><strong>Bicicletas:<\/strong> \u00c9 um servi\u00e7o contratado que pode ser solicitado na recep\u00e7\u00e3o. Deve se reservar com anteced\u00eancia.<\/span><br \/>\n<span style=\"font-weight: 400;\"><strong>Assist\u00eancia m\u00e9dica:<\/strong> Emerg\u00eancias, urg\u00eancias e consultas s\u00e3o gratuitas.<\/span><\/p>\n<\/div>\n<div class=\"well info\">\n<p><img decoding=\"async\" loading=\"lazy\" class=\"alignnone size-full wp-image-352\" src=\"https:\/\/casaglebinias.com\/backabril\/wp-content\/uploads\/2019\/10\/iyp_3-desayuno.jpg\" alt=\"info\" width=\"264\" height=\"304\" \/><\/p>\n<p><b>Caf\u00e9 da manh\u00e3:<\/b><span style=\"font-weight: 400;\"> Das 8:30 \u00e0s 11:00 na casa principal ou no quarto. Se precisar do servi\u00e7o antes das antes das 8:30. \u00c9 poss\u00edvel pedir na noite anterior uma bandeja de caf\u00e9 da manh\u00e3.<\/span><br \/>\n<b>Restaurante:<\/b><span style=\"font-weight: 400;\"> Cafeteria &#8211; bar de cocktails das 17:00 \u00e0s 19:00 e jantar das 19:00 \u00e0s 22:30, na Casa Principal ou no quarto. N\u00e3o oferecemos servi\u00e7o de almo\u00e7o.<\/span><br \/>\n<b>Adega:<\/b><span style=\"font-weight: 400;\"> Com vinhos de gama m\u00e9dia e alta que incluem os criados pelo nosso en\u00f3logo.<\/span><br \/>\n<b>Minibar &#8211; Frigobar:<\/b><span style=\"font-weight: 400;\"> As acomoda\u00e7\u00f5es possuem minibar com cafeteria. Tamb\u00e9m t\u00eam frigobar, cujo conte\u00fado e custos est\u00e3o detalhados no cardapio. <\/span><br \/>\n<b>Cozinhar:<\/b><span style=\"font-weight: 400;\"> Os quartos n\u00e3o est\u00e3o preparados para cozinhar, portanto s\u00f3 \u00e9 permitido aquecer refei\u00e7\u00f5es com os itens fornecidos, mas n\u00e3o a prepara\u00e7\u00e3o in situ. <\/span><\/p>\n<\/div>\n<div class=\"well info right\">\n<p><img decoding=\"async\" loading=\"lazy\" class=\"alignnone size-full wp-image-353\" src=\"https:\/\/casaglebinias.com\/backabril\/wp-content\/uploads\/2019\/10\/iyp_4-servicio.jpg\" alt=\"info\" width=\"265\" height=\"318\" \/><\/p>\n<p><b>Servi\u00e7o de limpeza:<\/b><span style=\"font-weight: 400;\"> A limpeza \u00e9 feita diariamente das 9:00 \u00e0s 13:00 A roupa de cama \u00e9 trocada a cada dois dias, salvo que seja necess\u00e1rio faze-lo com anteced\u00eancia. Toalhas para piscina (de cores) dispon\u00edveis no quarto.<\/span><br \/>\n<b>Conjunto de brancos:<\/b><span style=\"font-weight: 400;\"> As toalhas s\u00e3o trocadas a pedido do h\u00f3spede. Todos os brancos s\u00e3o para uso exclusivo dentro das acomoda\u00e7\u00f5es.<\/span><br \/>\n<b>Lavanderia:<\/b><span style=\"font-weight: 400;\"> \u00c9 um servi\u00e7o externo, de segunda a sexta-feira. As roupas s\u00e3o recebidas no dia seguinte. Temos tamb\u00e9m um servi\u00e7o de limpeza a seco.<\/span><br \/>\n<b>Gorjetas:<\/b><span style=\"font-weight: 400;\"> Gratifica\u00e7\u00f5es para a equipe n\u00e3o est\u00e3o inclu\u00eddas na tarifa nem nos produtos vendidos. Se desejar, pode deix\u00e1-lo em sua acomoda\u00e7\u00e3o ou na recep\u00e7\u00e3o.<\/span><\/p>\n<\/div>\n<div class=\"well info\">\n<p><img decoding=\"async\" loading=\"lazy\" class=\"alignnone size-full wp-image-2130\" src=\"https:\/\/casaglebinias.com\/backabril\/wp-content\/uploads\/2021\/05\/iyp_5-jardin-2.jpg\" alt=\"\" width=\"264\" height=\"255\" \/><\/p>\n<p><b>WiFi:<\/b><span style=\"font-weight: 400;\"> Gr\u00e1tis em todo o hotel.<\/span><br \/>\n<b>Estacionamento coberto:<\/b><span style=\"font-weight: 400;\"> Sem custo.\u00a0<\/span><br \/>\n<b>Piscina:<\/b><span style=\"font-weight: 400;\"> Como a piscina n\u00e3o \u00e9 aquecida, ela s\u00f3 funciona durante o ver\u00e3o e fica iluminada at\u00e9 23:30, excepcionalmente depois desse hor\u00e1rio.<\/span><br \/>\n<b>Jogos:<\/b><span style=\"font-weight: 400;\"> Para n\u00e3o perturbar a calma do local e n\u00e3o danificar as valiosas plantas do parque, n\u00e3o \u00e9 permitido fazer jogos com bola ou barulhentos. Jogos de tabuleiro dispon\u00edveis na recep\u00e7\u00e3o.<\/span><br \/>\n<b>Churrasqueira externa:<\/b><span style=\"font-weight: 400;\"> Dispon\u00edvel at\u00e9 as 22:30. Seu uso deve ser solicitado com anteced\u00eancia.<\/span><\/p>\n<\/div>\n<div class=\"well info right\">\n<p><img decoding=\"async\" loading=\"lazy\" class=\"alignnone size-full wp-image-2131\" src=\"https:\/\/casaglebinias.com\/backabril\/wp-content\/uploads\/2021\/05\/iyp_6-jardin-2.jpg\" alt=\"\" width=\"265\" height=\"277\" \/><\/p>\n<p><b>Fumar:<\/b><span style=\"font-weight: 400;\"> N\u00e3o \u00e9 permitido fumar dentro dos quartos ou a Casa Principal. S\u00f3 \u00e9 permitido no jardim.<\/span><br \/>\n<b>Uso racional de energia:<\/b><span style=\"font-weight: 400;\"> Solicita-se respeitar a temperatura do ar condicionado aconselhada pelos espertos desde o ponto de vista do conforto, sa\u00fade e prote\u00e7\u00e3o ambiental, que \u00e9 de 24 \u00b0 C. Temperatura de aquecimento 22 \u00b0 C. Al\u00e9m disso, solicita-se para desligar as luzes e o ar condicionado ao sair<\/span><br \/>\n<b>Uso racional da \u00e1gua:<\/b><span style=\"font-weight: 400;\"> a regi\u00e3o de Mendoza \u00e9 semides\u00e9rtica. A popula\u00e7\u00e3o se assenta nos o\u00e1sis que s\u00e3o irrigados principalmente com \u00e1gua de geleiras em diminui\u00e7\u00e3o, por isso \u00e9 um recurso precioso e escasso que recomenda-se com modera\u00e7\u00e3o. O jardim \u00e9 inundado uma vez a semana, durante o dia todo, atrav\u00e9s de um sistema de irriga\u00e7\u00e3o espec\u00edfico de valas.<\/span><\/p>\n<\/div>\n<\/div>\n<\/div>\n<\/div>\n","protected":false},"excerpt":{"rendered":"","protected":false},"author":1,"featured_media":0,"parent":0,"menu_order":0,"comment_status":"closed","ping_status":"closed","template":"page-bg.php","meta":{"_joinchat":[]},"yoast_head":"<!-- This site is optimized with the Yoast SEO plugin v21.3 - https:\/\/yoast.com\/wordpress\/plugins\/seo\/ -->\n<title>Informaciones y Pol\u00edticas PT - Casa Glebinias<\/title>\n<meta name=\"robots\" content=\"index, follow, max-snippet:-1, max-image-preview:large, max-video-preview:-1\" \/>\n<link rel=\"canonical\" href=\"https:\/\/casaglebinias.com\/backabril\/pt\/informaciones-y-politicas-pt\/\" \/>\n<meta property=\"og:locale\" content=\"es_ES\" \/>\n<meta property=\"og:type\" content=\"article\" \/>\n<meta property=\"og:title\" content=\"Informaciones y Pol\u00edticas PT - Casa Glebinias\" \/>\n<meta property=\"og:url\" content=\"https:\/\/casaglebinias.com\/backabril\/pt\/informaciones-y-politicas-pt\/\" \/>\n<meta property=\"og:site_name\" content=\"Casa Glebinias\" \/>\n<meta property=\"article:publisher\" content=\"https:\/\/www.facebook.com\/pg\/CasaGlebinias\" \/>\n<meta property=\"article:modified_time\" content=\"2023-05-11T14:30:13+00:00\" \/>\n<meta property=\"og:image\" content=\"https:\/\/casaglebinias.com\/backabril\/wp-content\/uploads\/2019\/10\/iyp_1-ingreso.jpg\" \/>\n<meta name=\"twitter:card\" content=\"summary_large_image\" \/>\n<meta name=\"twitter:label1\" content=\"Tiempo de lectura\" \/>\n\t<meta name=\"twitter:data1\" content=\"5 minutos\" \/>\n<script type=\"application\/ld+json\" class=\"yoast-schema-graph\">{\"@context\":\"https:\/\/schema.org\",\"@graph\":[{\"@type\":\"WebPage\",\"@id\":\"https:\/\/casaglebinias.com\/backabril\/pt\/informaciones-y-politicas-pt\/\",\"url\":\"https:\/\/casaglebinias.com\/backabril\/pt\/informaciones-y-politicas-pt\/\",\"name\":\"Informaciones y Pol\u00edticas PT - Casa Glebinias\",\"isPartOf\":{\"@id\":\"https:\/\/casaglebinias.com\/backabril\/#website\"},\"datePublished\":\"2019-10-17T19:57:52+00:00\",\"dateModified\":\"2023-05-11T14:30:13+00:00\",\"breadcrumb\":{\"@id\":\"https:\/\/casaglebinias.com\/backabril\/pt\/informaciones-y-politicas-pt\/#breadcrumb\"},\"inLanguage\":\"es-AR\",\"potentialAction\":[{\"@type\":\"ReadAction\",\"target\":[\"https:\/\/casaglebinias.com\/backabril\/pt\/informaciones-y-politicas-pt\/\"]}]},{\"@type\":\"BreadcrumbList\",\"@id\":\"https:\/\/casaglebinias.com\/backabril\/pt\/informaciones-y-politicas-pt\/#breadcrumb\",\"itemListElement\":[{\"@type\":\"ListItem\",\"position\":1,\"name\":\"Inicio\",\"item\":\"https:\/\/casaglebinias.com\/backabril\/\"},{\"@type\":\"ListItem\",\"position\":2,\"name\":\"Informaciones y Pol\u00edticas PT\"}]},{\"@type\":\"WebSite\",\"@id\":\"https:\/\/casaglebinias.com\/backabril\/#website\",\"url\":\"https:\/\/casaglebinias.com\/backabril\/\",\"name\":\"Casa Glebinias\",\"description\":\"Hotel Jard\u00edn\",\"publisher\":{\"@id\":\"https:\/\/casaglebinias.com\/backabril\/#organization\"},\"potentialAction\":[{\"@type\":\"SearchAction\",\"target\":{\"@type\":\"EntryPoint\",\"urlTemplate\":\"https:\/\/casaglebinias.com\/backabril\/?s={search_term_string}\"},\"query-input\":\"required name=search_term_string\"}],\"inLanguage\":\"es-AR\"},{\"@type\":\"Organization\",\"@id\":\"https:\/\/casaglebinias.com\/backabril\/#organization\",\"name\":\"Casa Glebinias\",\"url\":\"https:\/\/casaglebinias.com\/backabril\/\",\"logo\":{\"@type\":\"ImageObject\",\"inLanguage\":\"es-AR\",\"@id\":\"https:\/\/casaglebinias.com\/backabril\/#\/schema\/logo\/image\/\",\"url\":\"https:\/\/casaglebinias.com\/backabril\/wp-content\/uploads\/2019\/09\/logo_casa_glebinias.png\",\"contentUrl\":\"https:\/\/casaglebinias.com\/backabril\/wp-content\/uploads\/2019\/09\/logo_casa_glebinias.png\",\"width\":458,\"height\":116,\"caption\":\"Casa Glebinias\"},\"image\":{\"@id\":\"https:\/\/casaglebinias.com\/backabril\/#\/schema\/logo\/image\/\"},\"sameAs\":[\"https:\/\/www.facebook.com\/pg\/CasaGlebinias\",\"https:\/\/www.instagram.com\/casaglebinias\/\"]}]}<\/script>\n<!-- \/ Yoast SEO plugin. -->","yoast_head_json":{"title":"Informaciones y Pol\u00edticas PT - Casa Glebinias","robots":{"index":"index","follow":"follow","max-snippet":"max-snippet:-1","max-image-preview":"max-image-preview:large","max-video-preview":"max-video-preview:-1"},"canonical":"https:\/\/casaglebinias.com\/backabril\/pt\/informaciones-y-politicas-pt\/","og_locale":"es_ES","og_type":"article","og_title":"Informaciones y Pol\u00edticas PT - Casa Glebinias","og_url":"https:\/\/casaglebinias.com\/backabril\/pt\/informaciones-y-politicas-pt\/","og_site_name":"Casa Glebinias","article_publisher":"https:\/\/www.facebook.com\/pg\/CasaGlebinias","article_modified_time":"2023-05-11T14:30:13+00:00","og_image":[{"url":"https:\/\/casaglebinias.com\/backabril\/wp-content\/uploads\/2019\/10\/iyp_1-ingreso.jpg"}],"twitter_card":"summary_large_image","twitter_misc":{"Tiempo de lectura":"5 minutos"},"schema":{"@context":"https:\/\/schema.org","@graph":[{"@type":"WebPage","@id":"https:\/\/casaglebinias.com\/backabril\/pt\/informaciones-y-politicas-pt\/","url":"https:\/\/casaglebinias.com\/backabril\/pt\/informaciones-y-politicas-pt\/","name":"Informaciones y Pol\u00edticas PT - Casa Glebinias","isPartOf":{"@id":"https:\/\/casaglebinias.com\/backabril\/#website"},"datePublished":"2019-10-17T19:57:52+00:00","dateModified":"2023-05-11T14:30:13+00:00","breadcrumb":{"@id":"https:\/\/casaglebinias.com\/backabril\/pt\/informaciones-y-politicas-pt\/#breadcrumb"},"inLanguage":"es-AR","potentialAction":[{"@type":"ReadAction","target":["https:\/\/casaglebinias.com\/backabril\/pt\/informaciones-y-politicas-pt\/"]}]},{"@type":"BreadcrumbList","@id":"https:\/\/casaglebinias.com\/backabril\/pt\/informaciones-y-politicas-pt\/#breadcrumb","itemListElement":[{"@type":"ListItem","position":1,"name":"Inicio","item":"https:\/\/casaglebinias.com\/backabril\/"},{"@type":"ListItem","position":2,"name":"Informaciones y Pol\u00edticas PT"}]},{"@type":"WebSite","@id":"https:\/\/casaglebinias.com\/backabril\/#website","url":"https:\/\/casaglebinias.com\/backabril\/","name":"Casa Glebinias","description":"Hotel Jard\u00edn","publisher":{"@id":"https:\/\/casaglebinias.com\/backabril\/#organization"},"potentialAction":[{"@type":"SearchAction","target":{"@type":"EntryPoint","urlTemplate":"https:\/\/casaglebinias.com\/backabril\/?s={search_term_string}"},"query-input":"required name=search_term_string"}],"inLanguage":"es-AR"},{"@type":"Organization","@id":"https:\/\/casaglebinias.com\/backabril\/#organization","name":"Casa Glebinias","url":"https:\/\/casaglebinias.com\/backabril\/","logo":{"@type":"ImageObject","inLanguage":"es-AR","@id":"https:\/\/casaglebinias.com\/backabril\/#\/schema\/logo\/image\/","url":"https:\/\/casaglebinias.com\/backabril\/wp-content\/uploads\/2019\/09\/logo_casa_glebinias.png","contentUrl":"https:\/\/casaglebinias.com\/backabril\/wp-content\/uploads\/2019\/09\/logo_casa_glebinias.png","width":458,"height":116,"caption":"Casa Glebinias"},"image":{"@id":"https:\/\/casaglebinias.com\/backabril\/#\/schema\/logo\/image\/"},"sameAs":["https:\/\/www.facebook.com\/pg\/CasaGlebinias","https:\/\/www.instagram.com\/casaglebinias\/"]}]}},"_links":{"self":[{"href":"https:\/\/casaglebinias.com\/backabril\/wp-json\/wp\/v2\/pages\/865"}],"collection":[{"href":"https:\/\/casaglebinias.com\/backabril\/wp-json\/wp\/v2\/pages"}],"about":[{"href":"https:\/\/casaglebinias.com\/backabril\/wp-json\/wp\/v2\/types\/page"}],"author":[{"embeddable":true,"href":"https:\/\/casaglebinias.com\/backabril\/wp-json\/wp\/v2\/users\/1"}],"replies":[{"embeddable":true,"href":"https:\/\/casaglebinias.com\/backabril\/wp-json\/wp\/v2\/comments?post=865"}],"version-history":[{"count":7,"href":"https:\/\/casaglebinias.com\/backabril\/wp-json\/wp\/v2\/pages\/865\/revisions"}],"predecessor-version":[{"id":2446,"href":"https:\/\/casaglebinias.com\/backabril\/wp-json\/wp\/v2\/pages\/865\/revisions\/2446"}],"wp:attachment":[{"href":"https:\/\/casaglebinias.com\/backabril\/wp-json\/wp\/v2\/media?parent=865"}],"curies":[{"name":"wp","href":"https:\/\/api.w.org\/{rel}","templated":true}]}}