{"id":863,"date":"2019-10-17T16:57:14","date_gmt":"2019-10-17T19:57:14","guid":{"rendered":"http:\/\/casaglebinias.tehuentec.com\/?page_id=863"},"modified":"2021-05-14T10:14:38","modified_gmt":"2021-05-14T13:14:38","slug":"hotel-restaurante-pt","status":"publish","type":"page","link":"https:\/\/casaglebinias.com\/backabril\/pt\/hotel-restaurante-pt\/","title":{"rendered":"Hotel Restaurante PT"},"content":{"rendered":"<div class=\"container-fluid bloque-hotel restaurante\">\n<p><a href=\"https:\/\/casaglebinias.com\/backabril\/wp-content\/uploads\/2019\/10\/3402.jpg\" rel=\"gallery-0\"><img decoding=\"async\" loading=\"lazy\" class=\"alignnone size-full wp-image-556\" src=\"https:\/\/casaglebinias.com\/backabril\/wp-content\/uploads\/2019\/10\/3402.jpg\" alt=\"hotel\" width=\"1920\" height=\"1080\" \/><\/a><\/p>\n\n\t\t<style type=\"text\/css\">\n\t\t\t#gallery-1 {\n\t\t\t\tmargin: auto;\n\t\t\t}\n\t\t\t#gallery-1 .gallery-item {\n\t\t\t\tfloat: left;\n\t\t\t\tmargin-top: 10px;\n\t\t\t\ttext-align: center;\n\t\t\t\twidth: 20%;\n\t\t\t}\n\t\t\t#gallery-1 img {\n\t\t\t\tborder: 2px solid #cfcfcf;\n\t\t\t}\n\t\t\t#gallery-1 .gallery-caption {\n\t\t\t\tmargin-left: 0;\n\t\t\t}\n\t\t\t\/* see gallery_shortcode() in wp-includes\/media.php *\/\n\t\t<\/style>\n\t\t<div id='gallery-1' class='gallery galleryid-863 gallery-columns-5 gallery-size-thumbnail'><dl class='gallery-item'>\n\t\t\t<dt class='gallery-icon landscape'>\n\t\t\t\t<a href='https:\/\/casaglebinias.com\/backabril\/wp-content\/uploads\/2021\/02\/restaurante_6.jpg'><img width=\"150\" height=\"150\" src=\"https:\/\/casaglebinias.com\/backabril\/wp-content\/uploads\/2021\/02\/restaurante_6-150x150.jpg\" class=\"attachment-thumbnail size-thumbnail\" alt=\"\" decoding=\"async\" loading=\"lazy\" \/><\/a>\n\t\t\t<\/dt><\/dl><dl class='gallery-item'>\n\t\t\t<dt class='gallery-icon landscape'>\n\t\t\t\t<a href='https:\/\/casaglebinias.com\/backabril\/wp-content\/uploads\/2021\/02\/restaurante_7.jpg'><img width=\"150\" height=\"150\" src=\"https:\/\/casaglebinias.com\/backabril\/wp-content\/uploads\/2021\/02\/restaurante_7-150x150.jpg\" class=\"attachment-thumbnail size-thumbnail\" alt=\"\" decoding=\"async\" loading=\"lazy\" \/><\/a>\n\t\t\t<\/dt><\/dl><dl class='gallery-item'>\n\t\t\t<dt class='gallery-icon landscape'>\n\t\t\t\t<a href='https:\/\/casaglebinias.com\/backabril\/wp-content\/uploads\/2021\/02\/restaurante_8.jpg'><img width=\"150\" height=\"150\" src=\"https:\/\/casaglebinias.com\/backabril\/wp-content\/uploads\/2021\/02\/restaurante_8-150x150.jpg\" class=\"attachment-thumbnail size-thumbnail\" alt=\"\" decoding=\"async\" loading=\"lazy\" \/><\/a>\n\t\t\t<\/dt><\/dl><dl class='gallery-item'>\n\t\t\t<dt class='gallery-icon landscape'>\n\t\t\t\t<a href='https:\/\/casaglebinias.com\/backabril\/wp-content\/uploads\/2021\/02\/restaurante_9.jpg'><img width=\"150\" height=\"150\" src=\"https:\/\/casaglebinias.com\/backabril\/wp-content\/uploads\/2021\/02\/restaurante_9-150x150.jpg\" class=\"attachment-thumbnail size-thumbnail\" alt=\"\" decoding=\"async\" loading=\"lazy\" \/><\/a>\n\t\t\t<\/dt><\/dl><dl class='gallery-item'>\n\t\t\t<dt class='gallery-icon landscape'>\n\t\t\t\t<a href='https:\/\/casaglebinias.com\/backabril\/wp-content\/uploads\/2021\/02\/restaurante_1.jpg'><img width=\"150\" height=\"150\" src=\"https:\/\/casaglebinias.com\/backabril\/wp-content\/uploads\/2021\/02\/restaurante_1-150x150.jpg\" class=\"attachment-thumbnail size-thumbnail\" alt=\"\" decoding=\"async\" loading=\"lazy\" \/><\/a>\n\t\t\t<\/dt><\/dl><br style=\"clear: both\" \/><dl class='gallery-item'>\n\t\t\t<dt class='gallery-icon landscape'>\n\t\t\t\t<a href='https:\/\/casaglebinias.com\/backabril\/wp-content\/uploads\/2021\/02\/restaurante_2.jpg'><img width=\"150\" height=\"150\" src=\"https:\/\/casaglebinias.com\/backabril\/wp-content\/uploads\/2021\/02\/restaurante_2-150x150.jpg\" class=\"attachment-thumbnail size-thumbnail\" alt=\"\" decoding=\"async\" loading=\"lazy\" \/><\/a>\n\t\t\t<\/dt><\/dl><dl class='gallery-item'>\n\t\t\t<dt class='gallery-icon landscape'>\n\t\t\t\t<a href='https:\/\/casaglebinias.com\/backabril\/wp-content\/uploads\/2021\/02\/restaurante_3.jpg'><img width=\"150\" height=\"150\" src=\"https:\/\/casaglebinias.com\/backabril\/wp-content\/uploads\/2021\/02\/restaurante_3-150x150.jpg\" class=\"attachment-thumbnail size-thumbnail\" alt=\"\" decoding=\"async\" loading=\"lazy\" \/><\/a>\n\t\t\t<\/dt><\/dl>\n\t\t\t<br style='clear: both' \/>\n\t\t<\/div>\n\n<div class=\"well texto-slider\">\n<h2>RESTAURANTE<\/h2>\n<p><span style=\"font-weight: 400;\">No jardim interior da casa principal, onde \u00e9 servido o caf\u00e9 da manh\u00e3, h\u00e1 tamb\u00e9m um<strong> restaurante \u00e0 la carte com elabora\u00e7\u00e3o \u00e0 vista.<\/strong> Cafeteria e bar de cocktails s\u00e3o dispon\u00edveis das 17:00h \u00e0s 19:00h e jantar das 19:00h \u00e0s 22:30h. Para a comida, foram privilegiados os componentes sazonais, destacados em Mendoza pela sua qualidade e variedade, bem como pelo car\u00e1ter tradicional, \u00e0s vezes com um toque inovador. Alguns pratos tamb\u00e9m s\u00e3o oferecidos com ingredientes locais e sabores incomuns que expressam a cozinha moderna. Al\u00e9m disso, podem ser saboreados os prestigiados queijos e frios de produ\u00e7\u00e3o nacional (&#8220;picadas&#8221;). Tudo harmonizado com <strong>bons vinhos locais<\/strong>, que podem ser escolhidos diretamente em nossa adega com orienta\u00e7\u00e3o da recepcionista. Tamb\u00e9m s\u00e3o dispon\u00edveis v\u00e1rios tipos de cervejas e outras bebidas, com e sem \u00e1lcool.<\/span><\/p>\n<p><a href=\"https:\/\/casaglebinias.com\/backabril\/el-hotel\/\">VOLTAR<\/a>\u00a0<a href=\"https:\/\/casaglebinias.com\/backabril\/wp-content\/uploads\/2019\/10\/3402.jpg\" rel=\"gallery-0\">VEJA MAIS FOTOS<\/a><\/p>\n<\/div>\n<\/div>\n","protected":false},"excerpt":{"rendered":"","protected":false},"author":1,"featured_media":0,"parent":0,"menu_order":0,"comment_status":"closed","ping_status":"closed","template":"","meta":{"_joinchat":[]},"yoast_head":"<!-- This site is optimized with the Yoast SEO plugin v21.3 - https:\/\/yoast.com\/wordpress\/plugins\/seo\/ -->\n<title>Hotel Restaurante PT - Casa Glebinias<\/title>\n<meta name=\"robots\" content=\"index, follow, max-snippet:-1, max-image-preview:large, max-video-preview:-1\" \/>\n<link rel=\"canonical\" href=\"https:\/\/casaglebinias.com\/backabril\/pt\/hotel-restaurante-pt\/\" \/>\n<meta property=\"og:locale\" content=\"es_ES\" \/>\n<meta property=\"og:type\" content=\"article\" \/>\n<meta property=\"og:title\" content=\"Hotel Restaurante PT - Casa Glebinias\" \/>\n<meta property=\"og:url\" content=\"https:\/\/casaglebinias.com\/backabril\/pt\/hotel-restaurante-pt\/\" \/>\n<meta property=\"og:site_name\" content=\"Casa Glebinias\" \/>\n<meta property=\"article:publisher\" content=\"https:\/\/www.facebook.com\/pg\/CasaGlebinias\" \/>\n<meta property=\"article:modified_time\" content=\"2021-05-14T13:14:38+00:00\" \/>\n<meta property=\"og:image\" content=\"https:\/\/casaglebinias.com\/backabril\/wp-content\/uploads\/2019\/10\/3402.jpg\" \/>\n<meta name=\"twitter:card\" content=\"summary_large_image\" \/>\n<meta name=\"twitter:label1\" content=\"Tiempo de lectura\" \/>\n\t<meta name=\"twitter:data1\" content=\"1 minuto\" \/>\n<script type=\"application\/ld+json\" class=\"yoast-schema-graph\">{\"@context\":\"https:\/\/schema.org\",\"@graph\":[{\"@type\":\"WebPage\",\"@id\":\"https:\/\/casaglebinias.com\/backabril\/pt\/hotel-restaurante-pt\/\",\"url\":\"https:\/\/casaglebinias.com\/backabril\/pt\/hotel-restaurante-pt\/\",\"name\":\"Hotel Restaurante PT - Casa Glebinias\",\"isPartOf\":{\"@id\":\"https:\/\/casaglebinias.com\/backabril\/#website\"},\"datePublished\":\"2019-10-17T19:57:14+00:00\",\"dateModified\":\"2021-05-14T13:14:38+00:00\",\"breadcrumb\":{\"@id\":\"https:\/\/casaglebinias.com\/backabril\/pt\/hotel-restaurante-pt\/#breadcrumb\"},\"inLanguage\":\"es-AR\",\"potentialAction\":[{\"@type\":\"ReadAction\",\"target\":[\"https:\/\/casaglebinias.com\/backabril\/pt\/hotel-restaurante-pt\/\"]}]},{\"@type\":\"BreadcrumbList\",\"@id\":\"https:\/\/casaglebinias.com\/backabril\/pt\/hotel-restaurante-pt\/#breadcrumb\",\"itemListElement\":[{\"@type\":\"ListItem\",\"position\":1,\"name\":\"Inicio\",\"item\":\"https:\/\/casaglebinias.com\/backabril\/\"},{\"@type\":\"ListItem\",\"position\":2,\"name\":\"Hotel Restaurante PT\"}]},{\"@type\":\"WebSite\",\"@id\":\"https:\/\/casaglebinias.com\/backabril\/#website\",\"url\":\"https:\/\/casaglebinias.com\/backabril\/\",\"name\":\"Casa Glebinias\",\"description\":\"Hotel Jard\u00edn\",\"publisher\":{\"@id\":\"https:\/\/casaglebinias.com\/backabril\/#organization\"},\"potentialAction\":[{\"@type\":\"SearchAction\",\"target\":{\"@type\":\"EntryPoint\",\"urlTemplate\":\"https:\/\/casaglebinias.com\/backabril\/?s={search_term_string}\"},\"query-input\":\"required name=search_term_string\"}],\"inLanguage\":\"es-AR\"},{\"@type\":\"Organization\",\"@id\":\"https:\/\/casaglebinias.com\/backabril\/#organization\",\"name\":\"Casa Glebinias\",\"url\":\"https:\/\/casaglebinias.com\/backabril\/\",\"logo\":{\"@type\":\"ImageObject\",\"inLanguage\":\"es-AR\",\"@id\":\"https:\/\/casaglebinias.com\/backabril\/#\/schema\/logo\/image\/\",\"url\":\"https:\/\/casaglebinias.com\/backabril\/wp-content\/uploads\/2019\/09\/logo_casa_glebinias.png\",\"contentUrl\":\"https:\/\/casaglebinias.com\/backabril\/wp-content\/uploads\/2019\/09\/logo_casa_glebinias.png\",\"width\":458,\"height\":116,\"caption\":\"Casa Glebinias\"},\"image\":{\"@id\":\"https:\/\/casaglebinias.com\/backabril\/#\/schema\/logo\/image\/\"},\"sameAs\":[\"https:\/\/www.facebook.com\/pg\/CasaGlebinias\",\"https:\/\/www.instagram.com\/casaglebinias\/\"]}]}<\/script>\n<!-- \/ Yoast SEO plugin. -->","yoast_head_json":{"title":"Hotel Restaurante PT - Casa Glebinias","robots":{"index":"index","follow":"follow","max-snippet":"max-snippet:-1","max-image-preview":"max-image-preview:large","max-video-preview":"max-video-preview:-1"},"canonical":"https:\/\/casaglebinias.com\/backabril\/pt\/hotel-restaurante-pt\/","og_locale":"es_ES","og_type":"article","og_title":"Hotel Restaurante PT - Casa Glebinias","og_url":"https:\/\/casaglebinias.com\/backabril\/pt\/hotel-restaurante-pt\/","og_site_name":"Casa Glebinias","article_publisher":"https:\/\/www.facebook.com\/pg\/CasaGlebinias","article_modified_time":"2021-05-14T13:14:38+00:00","og_image":[{"url":"https:\/\/casaglebinias.com\/backabril\/wp-content\/uploads\/2019\/10\/3402.jpg"}],"twitter_card":"summary_large_image","twitter_misc":{"Tiempo de lectura":"1 minuto"},"schema":{"@context":"https:\/\/schema.org","@graph":[{"@type":"WebPage","@id":"https:\/\/casaglebinias.com\/backabril\/pt\/hotel-restaurante-pt\/","url":"https:\/\/casaglebinias.com\/backabril\/pt\/hotel-restaurante-pt\/","name":"Hotel Restaurante PT - Casa Glebinias","isPartOf":{"@id":"https:\/\/casaglebinias.com\/backabril\/#website"},"datePublished":"2019-10-17T19:57:14+00:00","dateModified":"2021-05-14T13:14:38+00:00","breadcrumb":{"@id":"https:\/\/casaglebinias.com\/backabril\/pt\/hotel-restaurante-pt\/#breadcrumb"},"inLanguage":"es-AR","potentialAction":[{"@type":"ReadAction","target":["https:\/\/casaglebinias.com\/backabril\/pt\/hotel-restaurante-pt\/"]}]},{"@type":"BreadcrumbList","@id":"https:\/\/casaglebinias.com\/backabril\/pt\/hotel-restaurante-pt\/#breadcrumb","itemListElement":[{"@type":"ListItem","position":1,"name":"Inicio","item":"https:\/\/casaglebinias.com\/backabril\/"},{"@type":"ListItem","position":2,"name":"Hotel Restaurante PT"}]},{"@type":"WebSite","@id":"https:\/\/casaglebinias.com\/backabril\/#website","url":"https:\/\/casaglebinias.com\/backabril\/","name":"Casa Glebinias","description":"Hotel Jard\u00edn","publisher":{"@id":"https:\/\/casaglebinias.com\/backabril\/#organization"},"potentialAction":[{"@type":"SearchAction","target":{"@type":"EntryPoint","urlTemplate":"https:\/\/casaglebinias.com\/backabril\/?s={search_term_string}"},"query-input":"required name=search_term_string"}],"inLanguage":"es-AR"},{"@type":"Organization","@id":"https:\/\/casaglebinias.com\/backabril\/#organization","name":"Casa Glebinias","url":"https:\/\/casaglebinias.com\/backabril\/","logo":{"@type":"ImageObject","inLanguage":"es-AR","@id":"https:\/\/casaglebinias.com\/backabril\/#\/schema\/logo\/image\/","url":"https:\/\/casaglebinias.com\/backabril\/wp-content\/uploads\/2019\/09\/logo_casa_glebinias.png","contentUrl":"https:\/\/casaglebinias.com\/backabril\/wp-content\/uploads\/2019\/09\/logo_casa_glebinias.png","width":458,"height":116,"caption":"Casa Glebinias"},"image":{"@id":"https:\/\/casaglebinias.com\/backabril\/#\/schema\/logo\/image\/"},"sameAs":["https:\/\/www.facebook.com\/pg\/CasaGlebinias","https:\/\/www.instagram.com\/casaglebinias\/"]}]}},"_links":{"self":[{"href":"https:\/\/casaglebinias.com\/backabril\/wp-json\/wp\/v2\/pages\/863"}],"collection":[{"href":"https:\/\/casaglebinias.com\/backabril\/wp-json\/wp\/v2\/pages"}],"about":[{"href":"https:\/\/casaglebinias.com\/backabril\/wp-json\/wp\/v2\/types\/page"}],"author":[{"embeddable":true,"href":"https:\/\/casaglebinias.com\/backabril\/wp-json\/wp\/v2\/users\/1"}],"replies":[{"embeddable":true,"href":"https:\/\/casaglebinias.com\/backabril\/wp-json\/wp\/v2\/comments?post=863"}],"version-history":[{"count":11,"href":"https:\/\/casaglebinias.com\/backabril\/wp-json\/wp\/v2\/pages\/863\/revisions"}],"predecessor-version":[{"id":2294,"href":"https:\/\/casaglebinias.com\/backabril\/wp-json\/wp\/v2\/pages\/863\/revisions\/2294"}],"wp:attachment":[{"href":"https:\/\/casaglebinias.com\/backabril\/wp-json\/wp\/v2\/media?parent=863"}],"curies":[{"name":"wp","href":"https:\/\/api.w.org\/{rel}","templated":true}]}}