{"id":851,"date":"2019-10-17T16:52:08","date_gmt":"2019-10-17T19:52:08","guid":{"rendered":"http:\/\/casaglebinias.tehuentec.com\/?page_id=851"},"modified":"2019-12-02T14:15:10","modified_gmt":"2019-12-02T17:15:10","slug":"hotel-pt","status":"publish","type":"page","link":"https:\/\/casaglebinias.com\/backabril\/pt\/hotel-pt\/","title":{"rendered":"Hotel PT"},"content":{"rendered":"<div class=\"container section\">\n<div class=\"row\">\n<div class=\"col-md-12 text-center\">\n<h1>Conhe\u00e7a Casa GlebiniaS<\/h1>\n<div class=\"well item-hotel\">\n<p><a href=\"https:\/\/casaglebinias.com\/backabril\/pt\/hotel-descripcion-pt\/\"><img decoding=\"async\" loading=\"lazy\" class=\"alignnone size-full wp-image-139\" src=\"https:\/\/casaglebinias.com\/backabril\/wp-content\/uploads\/2019\/09\/el-hotel_item-1.jpg\" alt=\"hotel\" width=\"555\" height=\"314\" \/><\/a><\/p>\n<h3><a href=\"https:\/\/casaglebinias.com\/backabril\/pt\/hotel-descripcion-pt\/\">Descri\u00e7\u00e3o<\/a><\/h3>\n<\/div>\n<div class=\"well item-hotel\">\n<p><a href=\"https:\/\/casaglebinias.com\/backabril\/pt\/hotel-concepto-pt\/\"><img decoding=\"async\" loading=\"lazy\" class=\"alignnone size-full wp-image-140\" src=\"https:\/\/casaglebinias.com\/backabril\/wp-content\/uploads\/2019\/09\/el-hotel_item-2.jpg\" alt=\"hotel\" width=\"554\" height=\"314\" \/><\/a><\/p>\n<h3><a href=\"https:\/\/casaglebinias.com\/backabril\/pt\/hotel-concepto-pt\/\">Conceito<\/a><\/h3>\n<\/div>\n<div class=\"well item-hotel\">\n<p><a href=\"https:\/\/casaglebinias.com\/backabril\/pt\/hotel-jardin-y-piscina-pt\/\"><img decoding=\"async\" loading=\"lazy\" class=\"alignnone size-full wp-image-141\" src=\"https:\/\/casaglebinias.com\/backabril\/wp-content\/uploads\/2019\/09\/el-hotel_item-3.jpg\" alt=\"hotel\" width=\"555\" height=\"315\" \/><\/a><\/p>\n<h3><a href=\"https:\/\/casaglebinias.com\/backabril\/pt\/hotel-jardin-y-piscina-pt\/\">Jardim e Piscina<\/a><\/h3>\n<\/div>\n<div class=\"well item-hotel\">\n<p><a href=\"https:\/\/casaglebinias.com\/backabril\/pt\/hotel-desayuno-pt\/\"><img decoding=\"async\" loading=\"lazy\" class=\"alignnone size-full wp-image-142\" src=\"https:\/\/casaglebinias.com\/backabril\/wp-content\/uploads\/2019\/09\/el-hotel_item-4.jpg\" alt=\"hotel\" width=\"554\" height=\"315\" \/><\/a><\/p>\n<h3><a href=\"https:\/\/casaglebinias.com\/backabril\/pt\/hotel-desayuno-pt\/\">Caf\u00e9 da manh\u00e3<\/a><\/h3>\n<\/div>\n<div class=\"well item-hotel\">\n<p><a href=\"https:\/\/casaglebinias.com\/backabril\/pt\/hotel-restaurante-pt\/\"><img decoding=\"async\" loading=\"lazy\" class=\"alignnone size-full wp-image-143\" src=\"https:\/\/casaglebinias.com\/backabril\/wp-content\/uploads\/2019\/09\/el-hotel_item-5.jpg\" alt=\"hotel\" width=\"555\" height=\"314\" \/><\/a><\/p>\n<h3><a href=\"https:\/\/casaglebinias.com\/backabril\/pt\/hotel-restaurante-pt\/\">Restaurante<\/a><\/h3>\n<\/div>\n<div class=\"well item-hotel\">\n<p><a href=\"https:\/\/casaglebinias.com\/backabril\/pt\/hotel-cava-pt\/\"><img decoding=\"async\" loading=\"lazy\" class=\"alignnone size-full wp-image-144\" src=\"https:\/\/casaglebinias.com\/backabril\/wp-content\/uploads\/2019\/09\/el-hotel_item-6.jpg\" alt=\"hotel\" width=\"554\" height=\"314\" \/><\/a><\/p>\n<h3><a href=\"https:\/\/casaglebinias.com\/backabril\/pt\/hotel-cava-pt\/\">Adega<\/a><\/h3>\n<\/div>\n<div class=\"well item-hotel\">\n<p><a href=\"https:\/\/casaglebinias.com\/backabril\/pt\/hotel-actividades-pt\/\"><img decoding=\"async\" loading=\"lazy\" class=\"alignnone size-full wp-image-145\" src=\"https:\/\/casaglebinias.com\/backabril\/wp-content\/uploads\/2019\/09\/el-hotel_item-7.jpg\" alt=\"hotel\" width=\"555\" height=\"315\" \/><\/a><\/p>\n<h3><a href=\"https:\/\/casaglebinias.com\/backabril\/pt\/hotel-actividades-pt\/\">O local e atividades<\/a><\/h3>\n<\/div>\n<div class=\"well item-hotel\">\n<p><a href=\"https:\/\/casaglebinias.com\/backabril\/pt\/informaciones-y-politicas-pt\/\"><img decoding=\"async\" loading=\"lazy\" class=\"alignnone size-full wp-image-146\" src=\"https:\/\/casaglebinias.com\/backabril\/wp-content\/uploads\/2019\/09\/el-hotel_item-8.jpg\" alt=\"hotel\" width=\"554\" height=\"315\" \/><\/a><\/p>\n<h3><a href=\"https:\/\/casaglebinias.com\/backabril\/pt\/informaciones-y-politicas-pt\/\">Informa\u00e7\u00f5es e Pol\u00edticas<\/a><\/h3>\n<\/div>\n<\/div>\n<\/div>\n<\/div>\n","protected":false},"excerpt":{"rendered":"","protected":false},"author":1,"featured_media":0,"parent":0,"menu_order":0,"comment_status":"closed","ping_status":"closed","template":"page-bg.php","meta":{"_joinchat":[]},"yoast_head":"<!-- This site is optimized with the Yoast SEO plugin v21.3 - https:\/\/yoast.com\/wordpress\/plugins\/seo\/ -->\n<title>Hotel PT - Casa Glebinias<\/title>\n<meta name=\"robots\" content=\"index, follow, max-snippet:-1, max-image-preview:large, max-video-preview:-1\" \/>\n<link rel=\"canonical\" href=\"https:\/\/casaglebinias.com\/backabril\/pt\/hotel-pt\/\" \/>\n<meta property=\"og:locale\" content=\"es_ES\" \/>\n<meta property=\"og:type\" content=\"article\" \/>\n<meta property=\"og:title\" content=\"Hotel PT - Casa Glebinias\" \/>\n<meta property=\"og:url\" content=\"https:\/\/casaglebinias.com\/backabril\/pt\/hotel-pt\/\" \/>\n<meta property=\"og:site_name\" content=\"Casa Glebinias\" \/>\n<meta property=\"article:publisher\" content=\"https:\/\/www.facebook.com\/pg\/CasaGlebinias\" \/>\n<meta property=\"article:modified_time\" content=\"2019-12-02T17:15:10+00:00\" \/>\n<meta property=\"og:image\" content=\"https:\/\/casaglebinias.com\/backabril\/wp-content\/uploads\/2019\/09\/el-hotel_item-1.jpg\" \/>\n<meta name=\"twitter:card\" content=\"summary_large_image\" \/>\n<script type=\"application\/ld+json\" class=\"yoast-schema-graph\">{\"@context\":\"https:\/\/schema.org\",\"@graph\":[{\"@type\":\"WebPage\",\"@id\":\"https:\/\/casaglebinias.com\/backabril\/pt\/hotel-pt\/\",\"url\":\"https:\/\/casaglebinias.com\/backabril\/pt\/hotel-pt\/\",\"name\":\"Hotel PT - Casa Glebinias\",\"isPartOf\":{\"@id\":\"https:\/\/casaglebinias.com\/backabril\/#website\"},\"datePublished\":\"2019-10-17T19:52:08+00:00\",\"dateModified\":\"2019-12-02T17:15:10+00:00\",\"breadcrumb\":{\"@id\":\"https:\/\/casaglebinias.com\/backabril\/pt\/hotel-pt\/#breadcrumb\"},\"inLanguage\":\"es-AR\",\"potentialAction\":[{\"@type\":\"ReadAction\",\"target\":[\"https:\/\/casaglebinias.com\/backabril\/pt\/hotel-pt\/\"]}]},{\"@type\":\"BreadcrumbList\",\"@id\":\"https:\/\/casaglebinias.com\/backabril\/pt\/hotel-pt\/#breadcrumb\",\"itemListElement\":[{\"@type\":\"ListItem\",\"position\":1,\"name\":\"Inicio\",\"item\":\"https:\/\/casaglebinias.com\/backabril\/\"},{\"@type\":\"ListItem\",\"position\":2,\"name\":\"Hotel PT\"}]},{\"@type\":\"WebSite\",\"@id\":\"https:\/\/casaglebinias.com\/backabril\/#website\",\"url\":\"https:\/\/casaglebinias.com\/backabril\/\",\"name\":\"Casa Glebinias\",\"description\":\"Hotel Jard\u00edn\",\"publisher\":{\"@id\":\"https:\/\/casaglebinias.com\/backabril\/#organization\"},\"potentialAction\":[{\"@type\":\"SearchAction\",\"target\":{\"@type\":\"EntryPoint\",\"urlTemplate\":\"https:\/\/casaglebinias.com\/backabril\/?s={search_term_string}\"},\"query-input\":\"required name=search_term_string\"}],\"inLanguage\":\"es-AR\"},{\"@type\":\"Organization\",\"@id\":\"https:\/\/casaglebinias.com\/backabril\/#organization\",\"name\":\"Casa Glebinias\",\"url\":\"https:\/\/casaglebinias.com\/backabril\/\",\"logo\":{\"@type\":\"ImageObject\",\"inLanguage\":\"es-AR\",\"@id\":\"https:\/\/casaglebinias.com\/backabril\/#\/schema\/logo\/image\/\",\"url\":\"https:\/\/casaglebinias.com\/backabril\/wp-content\/uploads\/2019\/09\/logo_casa_glebinias.png\",\"contentUrl\":\"https:\/\/casaglebinias.com\/backabril\/wp-content\/uploads\/2019\/09\/logo_casa_glebinias.png\",\"width\":458,\"height\":116,\"caption\":\"Casa Glebinias\"},\"image\":{\"@id\":\"https:\/\/casaglebinias.com\/backabril\/#\/schema\/logo\/image\/\"},\"sameAs\":[\"https:\/\/www.facebook.com\/pg\/CasaGlebinias\",\"https:\/\/www.instagram.com\/casaglebinias\/\"]}]}<\/script>\n<!-- \/ Yoast SEO plugin. -->","yoast_head_json":{"title":"Hotel PT - Casa Glebinias","robots":{"index":"index","follow":"follow","max-snippet":"max-snippet:-1","max-image-preview":"max-image-preview:large","max-video-preview":"max-video-preview:-1"},"canonical":"https:\/\/casaglebinias.com\/backabril\/pt\/hotel-pt\/","og_locale":"es_ES","og_type":"article","og_title":"Hotel PT - Casa Glebinias","og_url":"https:\/\/casaglebinias.com\/backabril\/pt\/hotel-pt\/","og_site_name":"Casa Glebinias","article_publisher":"https:\/\/www.facebook.com\/pg\/CasaGlebinias","article_modified_time":"2019-12-02T17:15:10+00:00","og_image":[{"url":"https:\/\/casaglebinias.com\/backabril\/wp-content\/uploads\/2019\/09\/el-hotel_item-1.jpg"}],"twitter_card":"summary_large_image","schema":{"@context":"https:\/\/schema.org","@graph":[{"@type":"WebPage","@id":"https:\/\/casaglebinias.com\/backabril\/pt\/hotel-pt\/","url":"https:\/\/casaglebinias.com\/backabril\/pt\/hotel-pt\/","name":"Hotel PT - Casa Glebinias","isPartOf":{"@id":"https:\/\/casaglebinias.com\/backabril\/#website"},"datePublished":"2019-10-17T19:52:08+00:00","dateModified":"2019-12-02T17:15:10+00:00","breadcrumb":{"@id":"https:\/\/casaglebinias.com\/backabril\/pt\/hotel-pt\/#breadcrumb"},"inLanguage":"es-AR","potentialAction":[{"@type":"ReadAction","target":["https:\/\/casaglebinias.com\/backabril\/pt\/hotel-pt\/"]}]},{"@type":"BreadcrumbList","@id":"https:\/\/casaglebinias.com\/backabril\/pt\/hotel-pt\/#breadcrumb","itemListElement":[{"@type":"ListItem","position":1,"name":"Inicio","item":"https:\/\/casaglebinias.com\/backabril\/"},{"@type":"ListItem","position":2,"name":"Hotel PT"}]},{"@type":"WebSite","@id":"https:\/\/casaglebinias.com\/backabril\/#website","url":"https:\/\/casaglebinias.com\/backabril\/","name":"Casa Glebinias","description":"Hotel Jard\u00edn","publisher":{"@id":"https:\/\/casaglebinias.com\/backabril\/#organization"},"potentialAction":[{"@type":"SearchAction","target":{"@type":"EntryPoint","urlTemplate":"https:\/\/casaglebinias.com\/backabril\/?s={search_term_string}"},"query-input":"required name=search_term_string"}],"inLanguage":"es-AR"},{"@type":"Organization","@id":"https:\/\/casaglebinias.com\/backabril\/#organization","name":"Casa Glebinias","url":"https:\/\/casaglebinias.com\/backabril\/","logo":{"@type":"ImageObject","inLanguage":"es-AR","@id":"https:\/\/casaglebinias.com\/backabril\/#\/schema\/logo\/image\/","url":"https:\/\/casaglebinias.com\/backabril\/wp-content\/uploads\/2019\/09\/logo_casa_glebinias.png","contentUrl":"https:\/\/casaglebinias.com\/backabril\/wp-content\/uploads\/2019\/09\/logo_casa_glebinias.png","width":458,"height":116,"caption":"Casa Glebinias"},"image":{"@id":"https:\/\/casaglebinias.com\/backabril\/#\/schema\/logo\/image\/"},"sameAs":["https:\/\/www.facebook.com\/pg\/CasaGlebinias","https:\/\/www.instagram.com\/casaglebinias\/"]}]}},"_links":{"self":[{"href":"https:\/\/casaglebinias.com\/backabril\/wp-json\/wp\/v2\/pages\/851"}],"collection":[{"href":"https:\/\/casaglebinias.com\/backabril\/wp-json\/wp\/v2\/pages"}],"about":[{"href":"https:\/\/casaglebinias.com\/backabril\/wp-json\/wp\/v2\/types\/page"}],"author":[{"embeddable":true,"href":"https:\/\/casaglebinias.com\/backabril\/wp-json\/wp\/v2\/users\/1"}],"replies":[{"embeddable":true,"href":"https:\/\/casaglebinias.com\/backabril\/wp-json\/wp\/v2\/comments?post=851"}],"version-history":[{"count":16,"href":"https:\/\/casaglebinias.com\/backabril\/wp-json\/wp\/v2\/pages\/851\/revisions"}],"predecessor-version":[{"id":1230,"href":"https:\/\/casaglebinias.com\/backabril\/wp-json\/wp\/v2\/pages\/851\/revisions\/1230"}],"wp:attachment":[{"href":"https:\/\/casaglebinias.com\/backabril\/wp-json\/wp\/v2\/media?parent=851"}],"curies":[{"name":"wp","href":"https:\/\/api.w.org\/{rel}","templated":true}]}}