{"id":174,"date":"2019-09-26T15:16:47","date_gmt":"2019-09-26T18:16:47","guid":{"rendered":"http:\/\/localhost\/casaglebinias\/?page_id=174"},"modified":"2023-05-11T11:17:16","modified_gmt":"2023-05-11T14:17:16","slug":"informaciones-y-politicas","status":"publish","type":"page","link":"https:\/\/casaglebinias.com\/backabril\/informaciones-y-politicas\/","title":{"rendered":"Informaciones y Pol\u00edticas"},"content":{"rendered":"<div class=\"container section informacion\">\n<div class=\"row\">\n<div class=\"col-md-12 text-center\">\n<h1>Informaciones y Pol\u00edticas de Casa GlebiniaS<\/h1>\n<div class=\"well info\">\n<p><img decoding=\"async\" loading=\"lazy\" class=\"alignnone size-full wp-image-350\" src=\"https:\/\/casaglebinias.com\/backabril\/wp-content\/uploads\/2019\/10\/iyp_1-ingreso.jpg\" alt=\"info\" width=\"264\" height=\"371\" \/><\/p>\n<p><strong>Ingreso (Check in):<\/strong> A partir de las 14:00. Para hacer web check in se requiere DNI o Pasaporte de todos los pasajeros, que deben incluir un mayor de 21 a\u00f1os. Est\u00e1 permitido ingresar a partir de las 8:30 sin costo adicional permaneciendo de las \u00e1reas de uso com\u00fan.<br \/>\n<strong>Egreso (Check out):<\/strong> Hasta las 11:00. Ser\u00eda posible extender este horario en la medida que otros pasajeros no sean afectados, o permanecer en las \u00e1reas de uso com\u00fan. Si la partida es antes de las 8:30, los pagos que correspondan deben hacerse el d\u00eda anterior.<br \/>\n<strong>Ni\u00f1os:<\/strong> Los alojamientos pueden recibir como m\u00e1ximo un menor de 2 a\u00f1os sin costo (cuna disponible).<br \/>\n<strong>Pol\u00edtica de Cancelaci\u00f3n:<\/strong> Cancelaciones anteriores a 15 d\u00edas de la fecha de estad\u00eda reservada no tienen penalizaci\u00f3n, entre 15 y 7 d\u00edas tienen un costo de 1 noche, con menos de 7 d\u00edas se debe pagar el total del per\u00edodo reservado.<br \/>\n<strong>Visitantes:<\/strong> S\u00f3lo con autorizaci\u00f3n.<\/p>\n<\/div>\n<div class=\"well info right\">\n<p><img decoding=\"async\" loading=\"lazy\" class=\"alignnone size-full wp-image-351\" src=\"https:\/\/casaglebinias.com\/backabril\/wp-content\/uploads\/2019\/10\/iyp_2-recepcion.jpg\" alt=\"info\" width=\"265\" height=\"381\" \/><\/p>\n<p><strong>Recepci\u00f3n:<\/strong> Desde las 8:30 hasta las 22:00. El ingreso de pasajeros fuera de este horario, deber\u00e1 comunicarse con anticipaci\u00f3n.<br \/>\n<strong>Actividades, visitas y reservas:<\/strong> Las recepcionistas podr\u00e1n informar, orientar y asistir a los pasajeros sobre actividades y visitas: restaurantes, degustaciones en bodegas, alquiler de bicicletas, turismo aventura, transportes, artistas y artesanos locales, y cualquier otra informaci\u00f3n u otra ayuda que pudieran necesitar con relaci\u00f3n al viaje. Notar que todas las actividades se deben reservar con antelaci\u00f3n.<br \/>\n<strong>Idiomas:<\/strong> Los idiomas de contacto con nuestros hu\u00e9spedes son el espa\u00f1ol, franc\u00e9s, ingl\u00e9s, italiano y portugu\u00e9s.<br \/>\n<strong>Remises y Taxis:<\/strong> Los remises y taxis pueden solicitarse en la Recepci\u00f3n. Se sugiere hacerlo con la mayor anticipaci\u00f3n posible. Despu\u00e9s de las 22:00 s\u00f3lo pueden ingresar veh\u00edculos autorizados.<br \/>\n<strong>Bicicletas:<\/strong> Es un servicio contratado que puede solicitarse en Recepci\u00f3n con antelaci\u00f3n.<br \/>\n<strong>Asistencia m\u00e9dica:<\/strong> Emergencias, urgencias y consultas sin cargo.<\/p>\n<\/div>\n<div class=\"well info\">\n<p><img decoding=\"async\" loading=\"lazy\" class=\"alignnone size-full wp-image-352\" src=\"https:\/\/casaglebinias.com\/backabril\/wp-content\/uploads\/2019\/10\/iyp_3-desayuno.jpg\" alt=\"info\" width=\"264\" height=\"304\" \/><\/p>\n<p><strong>Desayuno:<\/strong> De 8:30 a 10:30 en la Casa Principal o en la habitaci\u00f3n. Cuando se requiera este servicio antes de las 8:30, la noche anterior se puede solicitar una bandeja de desayuno.<br \/>\n<strong>Restaurante:<\/strong> Cafeter\u00eda \u2013 cocteler\u00eda de 17:00 a 19:00, y cena de 19:00 a 22:30, en la Casa Principal o en la habitaci\u00f3n. No se sirve almuerzo.<br \/>\n<strong>Cava:<\/strong> Con vinos de media y alta gama que incluyen los creados por nuestro en\u00f3logo.<br \/>\n<strong>Minibar &#8211; Frigobar:<\/strong> Los alojamientos tienen minibar con cafeter\u00eda. Tambi\u00e9n cuentan con frigobar, cuyo contenido y costos se detallan en la carta.<br \/>\n<strong>Cocinar:<\/strong> Las habitaciones no est\u00e1n preparadas para cocinar, por lo que s\u00f3lo se permite calentar comidas con los elementos provistos, pero no su preparaci\u00f3n in situ.<\/p>\n<\/div>\n<div class=\"well info right\">\n<p><img decoding=\"async\" loading=\"lazy\" class=\"alignnone size-full wp-image-353\" src=\"https:\/\/casaglebinias.com\/backabril\/wp-content\/uploads\/2019\/10\/iyp_4-servicio.jpg\" alt=\"info\" width=\"265\" height=\"318\" \/><\/p>\n<p><strong>Servicio de mucama:<\/strong> La limpieza se realiza diariamente desde las 9:00 hasta las 13:00. Las s\u00e1banas se cambian cada dos d\u00edas, salvo que se requiera hacerlo anticipadamente.<br \/>\n<strong>Conjunto de blancos:<\/strong> : Las toallas se cambian a requerimiento del hu\u00e9sped. Todos los blancos son para uso exclusivo dentro de los alojamientos. Para la piscina se usan los toallones de color disponibles.<br \/>\n<strong>Lavander\u00eda:<\/strong> Es un servicio externo, de lunes a viernes. Las prendas se reciben el d\u00eda posterior a su entrega. Tambi\u00e9n contamos con un servicio de lavado en seco.<br \/>\n<strong>Propinas:<\/strong> La propina para el personal no est\u00e1 incluida en la tarifa ni en los productos de venta. Si lo deseara, puede dejarla en su alojamiento o en la Recepci\u00f3n.<\/p>\n<\/div>\n<div class=\"well info\">\n<p><img decoding=\"async\" loading=\"lazy\" class=\"alignnone size-full wp-image-2125\" src=\"https:\/\/casaglebinias.com\/backabril\/wp-content\/uploads\/2021\/05\/iyp_5-jardin.jpg\" alt=\"\" width=\"264\" height=\"255\" \/><\/p>\n<p><strong>WiFi:<\/strong> Gratuito en todo el hotel.<br \/>\n<strong>Estacionamiento cubierto:<\/strong> Sin cargo.<br \/>\n<strong>Piscina:<\/strong> Dado que la piscina no es climatizada funciona solamente durante la temporada estival, y se ilumina hasta las 23:30, excepcionalmente m\u00e1s all\u00e1 de este horario.<br \/>\n<strong>Juegos:<\/strong> Para no perturbar la calma del lugar y no da\u00f1ar las valiosas plantas del parque, no se pueden realizar juegos de pelota o ruidosos. Juegos de mesa disponibles en la Recepci\u00f3n.<br \/>\n<strong>Parrilla exterior:<\/strong> Disponible hasta las 22:30. Su uso debe solicitarse con anticipaci\u00f3n.<\/p>\n<\/div>\n<div class=\"well info right\">\n<p><img decoding=\"async\" loading=\"lazy\" class=\"alignnone size-full wp-image-2124\" src=\"https:\/\/casaglebinias.com\/backabril\/wp-content\/uploads\/2021\/05\/iyp_6-jardin.jpg\" alt=\"\" width=\"265\" height=\"277\" \/><\/p>\n<p><strong>Fumadores:<\/strong> No se permite fumar en los alojamientos ni en la Casa Principal. Puede hacerse en el jard\u00edn.<br \/>\n<strong>Uso racional de la energ\u00eda:<\/strong> Se solicita respetar la temperatura del aire acondicionado aconsejada por los especialistas desde el punto de vista del confort, la salud y la protecci\u00f3n ambiental, que es de 24\u00b0C. La de la calefacci\u00f3n 22\u00b0C. Asimismo, se solicita apagar las luces y aire acondicionado al salir.<br \/>\n<strong>Uso racional del agua:<\/strong> : La regi\u00f3n mendocina es semides\u00e9rtica. La poblaci\u00f3n se asienta en oasis irrigados principalmente por el agua proveniente de glaciares en disminuci\u00f3n, por lo tanto es un recurso precioso y escaso que se recomienda usar con moderaci\u00f3n. El jard\u00edn se riega por inundaci\u00f3n una vez por semana, durante todo el d\u00eda, mediante un sistema espec\u00edfico de acequias.<\/p>\n<\/div>\n<\/div>\n<\/div>\n<\/div>\n","protected":false},"excerpt":{"rendered":"","protected":false},"author":1,"featured_media":0,"parent":0,"menu_order":0,"comment_status":"closed","ping_status":"closed","template":"page-bg.php","meta":{"_joinchat":[]},"yoast_head":"<!-- This site is optimized with the Yoast SEO plugin v21.3 - https:\/\/yoast.com\/wordpress\/plugins\/seo\/ -->\n<title>Informaciones y Pol\u00edticas - Casa Glebinias<\/title>\n<meta name=\"robots\" content=\"index, follow, max-snippet:-1, max-image-preview:large, max-video-preview:-1\" \/>\n<link rel=\"canonical\" href=\"https:\/\/casaglebinias.com\/backabril\/informaciones-y-politicas\/\" \/>\n<meta property=\"og:locale\" content=\"es_ES\" \/>\n<meta property=\"og:type\" content=\"article\" \/>\n<meta property=\"og:title\" content=\"Informaciones y Pol\u00edticas - Casa Glebinias\" \/>\n<meta property=\"og:url\" content=\"https:\/\/casaglebinias.com\/backabril\/informaciones-y-politicas\/\" \/>\n<meta property=\"og:site_name\" content=\"Casa Glebinias\" \/>\n<meta property=\"article:publisher\" content=\"https:\/\/www.facebook.com\/pg\/CasaGlebinias\" \/>\n<meta property=\"article:modified_time\" content=\"2023-05-11T14:17:16+00:00\" \/>\n<meta property=\"og:image\" content=\"https:\/\/casaglebinias.com\/backabril\/wp-content\/uploads\/2019\/10\/iyp_1-ingreso.jpg\" \/>\n<meta name=\"twitter:card\" content=\"summary_large_image\" \/>\n<meta name=\"twitter:label1\" content=\"Tiempo de lectura\" \/>\n\t<meta name=\"twitter:data1\" content=\"5 minutos\" \/>\n<script type=\"application\/ld+json\" class=\"yoast-schema-graph\">{\"@context\":\"https:\/\/schema.org\",\"@graph\":[{\"@type\":\"WebPage\",\"@id\":\"https:\/\/casaglebinias.com\/backabril\/informaciones-y-politicas\/\",\"url\":\"https:\/\/casaglebinias.com\/backabril\/informaciones-y-politicas\/\",\"name\":\"Informaciones y Pol\u00edticas - Casa Glebinias\",\"isPartOf\":{\"@id\":\"https:\/\/casaglebinias.com\/backabril\/#website\"},\"datePublished\":\"2019-09-26T18:16:47+00:00\",\"dateModified\":\"2023-05-11T14:17:16+00:00\",\"breadcrumb\":{\"@id\":\"https:\/\/casaglebinias.com\/backabril\/informaciones-y-politicas\/#breadcrumb\"},\"inLanguage\":\"es-AR\",\"potentialAction\":[{\"@type\":\"ReadAction\",\"target\":[\"https:\/\/casaglebinias.com\/backabril\/informaciones-y-politicas\/\"]}]},{\"@type\":\"BreadcrumbList\",\"@id\":\"https:\/\/casaglebinias.com\/backabril\/informaciones-y-politicas\/#breadcrumb\",\"itemListElement\":[{\"@type\":\"ListItem\",\"position\":1,\"name\":\"Inicio\",\"item\":\"https:\/\/casaglebinias.com\/backabril\/\"},{\"@type\":\"ListItem\",\"position\":2,\"name\":\"Informaciones y Pol\u00edticas\"}]},{\"@type\":\"WebSite\",\"@id\":\"https:\/\/casaglebinias.com\/backabril\/#website\",\"url\":\"https:\/\/casaglebinias.com\/backabril\/\",\"name\":\"Casa Glebinias\",\"description\":\"Hotel Jard\u00edn\",\"publisher\":{\"@id\":\"https:\/\/casaglebinias.com\/backabril\/#organization\"},\"potentialAction\":[{\"@type\":\"SearchAction\",\"target\":{\"@type\":\"EntryPoint\",\"urlTemplate\":\"https:\/\/casaglebinias.com\/backabril\/?s={search_term_string}\"},\"query-input\":\"required name=search_term_string\"}],\"inLanguage\":\"es-AR\"},{\"@type\":\"Organization\",\"@id\":\"https:\/\/casaglebinias.com\/backabril\/#organization\",\"name\":\"Casa Glebinias\",\"url\":\"https:\/\/casaglebinias.com\/backabril\/\",\"logo\":{\"@type\":\"ImageObject\",\"inLanguage\":\"es-AR\",\"@id\":\"https:\/\/casaglebinias.com\/backabril\/#\/schema\/logo\/image\/\",\"url\":\"https:\/\/casaglebinias.com\/backabril\/wp-content\/uploads\/2019\/09\/logo_casa_glebinias.png\",\"contentUrl\":\"https:\/\/casaglebinias.com\/backabril\/wp-content\/uploads\/2019\/09\/logo_casa_glebinias.png\",\"width\":458,\"height\":116,\"caption\":\"Casa Glebinias\"},\"image\":{\"@id\":\"https:\/\/casaglebinias.com\/backabril\/#\/schema\/logo\/image\/\"},\"sameAs\":[\"https:\/\/www.facebook.com\/pg\/CasaGlebinias\",\"https:\/\/www.instagram.com\/casaglebinias\/\"]}]}<\/script>\n<!-- \/ Yoast SEO plugin. -->","yoast_head_json":{"title":"Informaciones y Pol\u00edticas - Casa Glebinias","robots":{"index":"index","follow":"follow","max-snippet":"max-snippet:-1","max-image-preview":"max-image-preview:large","max-video-preview":"max-video-preview:-1"},"canonical":"https:\/\/casaglebinias.com\/backabril\/informaciones-y-politicas\/","og_locale":"es_ES","og_type":"article","og_title":"Informaciones y Pol\u00edticas - Casa Glebinias","og_url":"https:\/\/casaglebinias.com\/backabril\/informaciones-y-politicas\/","og_site_name":"Casa Glebinias","article_publisher":"https:\/\/www.facebook.com\/pg\/CasaGlebinias","article_modified_time":"2023-05-11T14:17:16+00:00","og_image":[{"url":"https:\/\/casaglebinias.com\/backabril\/wp-content\/uploads\/2019\/10\/iyp_1-ingreso.jpg"}],"twitter_card":"summary_large_image","twitter_misc":{"Tiempo de lectura":"5 minutos"},"schema":{"@context":"https:\/\/schema.org","@graph":[{"@type":"WebPage","@id":"https:\/\/casaglebinias.com\/backabril\/informaciones-y-politicas\/","url":"https:\/\/casaglebinias.com\/backabril\/informaciones-y-politicas\/","name":"Informaciones y Pol\u00edticas - Casa Glebinias","isPartOf":{"@id":"https:\/\/casaglebinias.com\/backabril\/#website"},"datePublished":"2019-09-26T18:16:47+00:00","dateModified":"2023-05-11T14:17:16+00:00","breadcrumb":{"@id":"https:\/\/casaglebinias.com\/backabril\/informaciones-y-politicas\/#breadcrumb"},"inLanguage":"es-AR","potentialAction":[{"@type":"ReadAction","target":["https:\/\/casaglebinias.com\/backabril\/informaciones-y-politicas\/"]}]},{"@type":"BreadcrumbList","@id":"https:\/\/casaglebinias.com\/backabril\/informaciones-y-politicas\/#breadcrumb","itemListElement":[{"@type":"ListItem","position":1,"name":"Inicio","item":"https:\/\/casaglebinias.com\/backabril\/"},{"@type":"ListItem","position":2,"name":"Informaciones y Pol\u00edticas"}]},{"@type":"WebSite","@id":"https:\/\/casaglebinias.com\/backabril\/#website","url":"https:\/\/casaglebinias.com\/backabril\/","name":"Casa Glebinias","description":"Hotel Jard\u00edn","publisher":{"@id":"https:\/\/casaglebinias.com\/backabril\/#organization"},"potentialAction":[{"@type":"SearchAction","target":{"@type":"EntryPoint","urlTemplate":"https:\/\/casaglebinias.com\/backabril\/?s={search_term_string}"},"query-input":"required name=search_term_string"}],"inLanguage":"es-AR"},{"@type":"Organization","@id":"https:\/\/casaglebinias.com\/backabril\/#organization","name":"Casa Glebinias","url":"https:\/\/casaglebinias.com\/backabril\/","logo":{"@type":"ImageObject","inLanguage":"es-AR","@id":"https:\/\/casaglebinias.com\/backabril\/#\/schema\/logo\/image\/","url":"https:\/\/casaglebinias.com\/backabril\/wp-content\/uploads\/2019\/09\/logo_casa_glebinias.png","contentUrl":"https:\/\/casaglebinias.com\/backabril\/wp-content\/uploads\/2019\/09\/logo_casa_glebinias.png","width":458,"height":116,"caption":"Casa Glebinias"},"image":{"@id":"https:\/\/casaglebinias.com\/backabril\/#\/schema\/logo\/image\/"},"sameAs":["https:\/\/www.facebook.com\/pg\/CasaGlebinias","https:\/\/www.instagram.com\/casaglebinias\/"]}]}},"_links":{"self":[{"href":"https:\/\/casaglebinias.com\/backabril\/wp-json\/wp\/v2\/pages\/174"}],"collection":[{"href":"https:\/\/casaglebinias.com\/backabril\/wp-json\/wp\/v2\/pages"}],"about":[{"href":"https:\/\/casaglebinias.com\/backabril\/wp-json\/wp\/v2\/types\/page"}],"author":[{"embeddable":true,"href":"https:\/\/casaglebinias.com\/backabril\/wp-json\/wp\/v2\/users\/1"}],"replies":[{"embeddable":true,"href":"https:\/\/casaglebinias.com\/backabril\/wp-json\/wp\/v2\/comments?post=174"}],"version-history":[{"count":5,"href":"https:\/\/casaglebinias.com\/backabril\/wp-json\/wp\/v2\/pages\/174\/revisions"}],"predecessor-version":[{"id":356,"href":"https:\/\/casaglebinias.com\/backabril\/wp-json\/wp\/v2\/pages\/174\/revisions\/356"}],"wp:attachment":[{"href":"https:\/\/casaglebinias.com\/backabril\/wp-json\/wp\/v2\/media?parent=174"}],"curies":[{"name":"wp","href":"https:\/\/api.w.org\/{rel}","templated":true}]}}