{"id":172,"date":"2019-09-26T15:12:32","date_gmt":"2019-09-26T18:12:32","guid":{"rendered":"http:\/\/localhost\/casaglebinias\/?page_id=172"},"modified":"2021-05-10T13:08:43","modified_gmt":"2021-05-10T16:08:43","slug":"hotel-jardin-y-piscina","status":"publish","type":"page","link":"https:\/\/casaglebinias.com\/backabril\/hotel-jardin-y-piscina\/","title":{"rendered":"Hotel Jard\u00edn y Piscina"},"content":{"rendered":"<div class=\"container-fluid bloque-hotel\">\n<p><a href=\"https:\/\/casaglebinias.com\/backabril\/wp-content\/uploads\/2021\/05\/3290-1.jpg\" rel=\"gallery-0\"><img decoding=\"async\" loading=\"lazy\" class=\"alignnone size-full wp-image-2187\" src=\"https:\/\/casaglebinias.com\/backabril\/wp-content\/uploads\/2021\/05\/piscina-jardin-cover.jpg\" alt=\"\" width=\"1920\" height=\"1079\" \/><\/a><\/p>\n\n\t\t<style type=\"text\/css\">\n\t\t\t#gallery-1 {\n\t\t\t\tmargin: auto;\n\t\t\t}\n\t\t\t#gallery-1 .gallery-item {\n\t\t\t\tfloat: left;\n\t\t\t\tmargin-top: 10px;\n\t\t\t\ttext-align: center;\n\t\t\t\twidth: 20%;\n\t\t\t}\n\t\t\t#gallery-1 img {\n\t\t\t\tborder: 2px solid #cfcfcf;\n\t\t\t}\n\t\t\t#gallery-1 .gallery-caption {\n\t\t\t\tmargin-left: 0;\n\t\t\t}\n\t\t\t\/* see gallery_shortcode() in wp-includes\/media.php *\/\n\t\t<\/style>\n\t\t<div id='gallery-1' class='gallery galleryid-172 gallery-columns-5 gallery-size-thumbnail'><dl class='gallery-item'>\n\t\t\t<dt class='gallery-icon landscape'>\n\t\t\t\t<a href='https:\/\/casaglebinias.com\/backabril\/wp-content\/uploads\/2021\/02\/jardin_19.jpg'><img width=\"150\" height=\"150\" src=\"https:\/\/casaglebinias.com\/backabril\/wp-content\/uploads\/2021\/02\/jardin_19-150x150.jpg\" class=\"attachment-thumbnail size-thumbnail\" alt=\"\" decoding=\"async\" loading=\"lazy\" \/><\/a>\n\t\t\t<\/dt><\/dl><dl class='gallery-item'>\n\t\t\t<dt class='gallery-icon landscape'>\n\t\t\t\t<a href='https:\/\/casaglebinias.com\/backabril\/wp-content\/uploads\/2021\/02\/jardin_17.jpg'><img width=\"150\" height=\"150\" src=\"https:\/\/casaglebinias.com\/backabril\/wp-content\/uploads\/2021\/02\/jardin_17-150x150.jpg\" class=\"attachment-thumbnail size-thumbnail\" alt=\"\" decoding=\"async\" loading=\"lazy\" \/><\/a>\n\t\t\t<\/dt><\/dl><dl class='gallery-item'>\n\t\t\t<dt class='gallery-icon landscape'>\n\t\t\t\t<a href='https:\/\/casaglebinias.com\/backabril\/wp-content\/uploads\/2021\/02\/jardin_16.jpg'><img width=\"150\" height=\"150\" src=\"https:\/\/casaglebinias.com\/backabril\/wp-content\/uploads\/2021\/02\/jardin_16-150x150.jpg\" class=\"attachment-thumbnail size-thumbnail\" alt=\"\" decoding=\"async\" loading=\"lazy\" \/><\/a>\n\t\t\t<\/dt><\/dl><dl class='gallery-item'>\n\t\t\t<dt class='gallery-icon landscape'>\n\t\t\t\t<a href='https:\/\/casaglebinias.com\/backabril\/wp-content\/uploads\/2021\/02\/jardin_15.jpg'><img width=\"150\" height=\"150\" src=\"https:\/\/casaglebinias.com\/backabril\/wp-content\/uploads\/2021\/02\/jardin_15-150x150.jpg\" class=\"attachment-thumbnail size-thumbnail\" alt=\"\" decoding=\"async\" loading=\"lazy\" \/><\/a>\n\t\t\t<\/dt><\/dl><dl class='gallery-item'>\n\t\t\t<dt class='gallery-icon landscape'>\n\t\t\t\t<a href='https:\/\/casaglebinias.com\/backabril\/wp-content\/uploads\/2021\/02\/jardin_14.jpg'><img width=\"150\" height=\"150\" src=\"https:\/\/casaglebinias.com\/backabril\/wp-content\/uploads\/2021\/02\/jardin_14-150x150.jpg\" class=\"attachment-thumbnail size-thumbnail\" alt=\"\" decoding=\"async\" loading=\"lazy\" \/><\/a>\n\t\t\t<\/dt><\/dl><br style=\"clear: both\" \/><dl class='gallery-item'>\n\t\t\t<dt class='gallery-icon landscape'>\n\t\t\t\t<a href='https:\/\/casaglebinias.com\/backabril\/wp-content\/uploads\/2021\/02\/jardin_13.jpg'><img width=\"150\" height=\"150\" src=\"https:\/\/casaglebinias.com\/backabril\/wp-content\/uploads\/2021\/02\/jardin_13-150x150.jpg\" class=\"attachment-thumbnail size-thumbnail\" alt=\"\" decoding=\"async\" loading=\"lazy\" \/><\/a>\n\t\t\t<\/dt><\/dl><dl class='gallery-item'>\n\t\t\t<dt class='gallery-icon landscape'>\n\t\t\t\t<a href='https:\/\/casaglebinias.com\/backabril\/wp-content\/uploads\/2021\/02\/jardin_12.jpg'><img width=\"150\" height=\"150\" src=\"https:\/\/casaglebinias.com\/backabril\/wp-content\/uploads\/2021\/02\/jardin_12-150x150.jpg\" class=\"attachment-thumbnail size-thumbnail\" alt=\"\" decoding=\"async\" loading=\"lazy\" \/><\/a>\n\t\t\t<\/dt><\/dl><dl class='gallery-item'>\n\t\t\t<dt class='gallery-icon landscape'>\n\t\t\t\t<a href='https:\/\/casaglebinias.com\/backabril\/wp-content\/uploads\/2021\/02\/jardin_11.jpg'><img width=\"150\" height=\"150\" src=\"https:\/\/casaglebinias.com\/backabril\/wp-content\/uploads\/2021\/02\/jardin_11-150x150.jpg\" class=\"attachment-thumbnail size-thumbnail\" alt=\"\" decoding=\"async\" loading=\"lazy\" \/><\/a>\n\t\t\t<\/dt><\/dl><dl class='gallery-item'>\n\t\t\t<dt class='gallery-icon landscape'>\n\t\t\t\t<a href='https:\/\/casaglebinias.com\/backabril\/wp-content\/uploads\/2021\/02\/jardin_10.jpg'><img width=\"150\" height=\"150\" src=\"https:\/\/casaglebinias.com\/backabril\/wp-content\/uploads\/2021\/02\/jardin_10-150x150.jpg\" class=\"attachment-thumbnail size-thumbnail\" alt=\"\" decoding=\"async\" loading=\"lazy\" \/><\/a>\n\t\t\t<\/dt><\/dl><dl class='gallery-item'>\n\t\t\t<dt class='gallery-icon landscape'>\n\t\t\t\t<a href='https:\/\/casaglebinias.com\/backabril\/wp-content\/uploads\/2021\/02\/jardin_9.jpg'><img width=\"150\" height=\"150\" src=\"https:\/\/casaglebinias.com\/backabril\/wp-content\/uploads\/2021\/02\/jardin_9-150x150.jpg\" class=\"attachment-thumbnail size-thumbnail\" alt=\"\" decoding=\"async\" loading=\"lazy\" \/><\/a>\n\t\t\t<\/dt><\/dl><br style=\"clear: both\" \/><dl class='gallery-item'>\n\t\t\t<dt class='gallery-icon landscape'>\n\t\t\t\t<a href='https:\/\/casaglebinias.com\/backabril\/wp-content\/uploads\/2021\/02\/jardin_8.jpg'><img width=\"150\" height=\"150\" src=\"https:\/\/casaglebinias.com\/backabril\/wp-content\/uploads\/2021\/02\/jardin_8-150x150.jpg\" class=\"attachment-thumbnail size-thumbnail\" alt=\"\" decoding=\"async\" loading=\"lazy\" \/><\/a>\n\t\t\t<\/dt><\/dl><dl class='gallery-item'>\n\t\t\t<dt class='gallery-icon landscape'>\n\t\t\t\t<a href='https:\/\/casaglebinias.com\/backabril\/wp-content\/uploads\/2021\/02\/jardin_7.jpg'><img width=\"150\" height=\"150\" src=\"https:\/\/casaglebinias.com\/backabril\/wp-content\/uploads\/2021\/02\/jardin_7-150x150.jpg\" class=\"attachment-thumbnail size-thumbnail\" alt=\"\" decoding=\"async\" loading=\"lazy\" \/><\/a>\n\t\t\t<\/dt><\/dl><dl class='gallery-item'>\n\t\t\t<dt class='gallery-icon landscape'>\n\t\t\t\t<a href='https:\/\/casaglebinias.com\/backabril\/wp-content\/uploads\/2021\/02\/jardin_18.jpg'><img width=\"150\" height=\"150\" src=\"https:\/\/casaglebinias.com\/backabril\/wp-content\/uploads\/2021\/02\/jardin_18-150x150.jpg\" class=\"attachment-thumbnail size-thumbnail\" alt=\"\" decoding=\"async\" loading=\"lazy\" \/><\/a>\n\t\t\t<\/dt><\/dl><dl class='gallery-item'>\n\t\t\t<dt class='gallery-icon landscape'>\n\t\t\t\t<a href='https:\/\/casaglebinias.com\/backabril\/wp-content\/uploads\/2021\/02\/jardin_6.jpg'><img width=\"150\" height=\"150\" src=\"https:\/\/casaglebinias.com\/backabril\/wp-content\/uploads\/2021\/02\/jardin_6-150x150.jpg\" class=\"attachment-thumbnail size-thumbnail\" alt=\"\" decoding=\"async\" loading=\"lazy\" \/><\/a>\n\t\t\t<\/dt><\/dl><dl class='gallery-item'>\n\t\t\t<dt class='gallery-icon landscape'>\n\t\t\t\t<a href='https:\/\/casaglebinias.com\/backabril\/wp-content\/uploads\/2021\/02\/jardin_5.jpg'><img width=\"150\" height=\"150\" src=\"https:\/\/casaglebinias.com\/backabril\/wp-content\/uploads\/2021\/02\/jardin_5-150x150.jpg\" class=\"attachment-thumbnail size-thumbnail\" alt=\"\" decoding=\"async\" loading=\"lazy\" \/><\/a>\n\t\t\t<\/dt><\/dl><br style=\"clear: both\" \/><dl class='gallery-item'>\n\t\t\t<dt class='gallery-icon landscape'>\n\t\t\t\t<a href='https:\/\/casaglebinias.com\/backabril\/wp-content\/uploads\/2021\/02\/jardin_4.jpg'><img width=\"150\" height=\"150\" src=\"https:\/\/casaglebinias.com\/backabril\/wp-content\/uploads\/2021\/02\/jardin_4-150x150.jpg\" class=\"attachment-thumbnail size-thumbnail\" alt=\"\" decoding=\"async\" loading=\"lazy\" \/><\/a>\n\t\t\t<\/dt><\/dl><dl class='gallery-item'>\n\t\t\t<dt class='gallery-icon landscape'>\n\t\t\t\t<a href='https:\/\/casaglebinias.com\/backabril\/wp-content\/uploads\/2021\/02\/jardin_3.jpg'><img width=\"150\" height=\"150\" src=\"https:\/\/casaglebinias.com\/backabril\/wp-content\/uploads\/2021\/02\/jardin_3-150x150.jpg\" class=\"attachment-thumbnail size-thumbnail\" alt=\"\" decoding=\"async\" loading=\"lazy\" \/><\/a>\n\t\t\t<\/dt><\/dl><dl class='gallery-item'>\n\t\t\t<dt class='gallery-icon landscape'>\n\t\t\t\t<a href='https:\/\/casaglebinias.com\/backabril\/wp-content\/uploads\/2021\/02\/jardin_2.jpg'><img width=\"150\" height=\"150\" src=\"https:\/\/casaglebinias.com\/backabril\/wp-content\/uploads\/2021\/02\/jardin_2-150x150.jpg\" class=\"attachment-thumbnail size-thumbnail\" alt=\"\" decoding=\"async\" loading=\"lazy\" \/><\/a>\n\t\t\t<\/dt><\/dl><dl class='gallery-item'>\n\t\t\t<dt class='gallery-icon landscape'>\n\t\t\t\t<a href='https:\/\/casaglebinias.com\/backabril\/wp-content\/uploads\/2021\/02\/jardin_1.jpg'><img width=\"150\" height=\"150\" src=\"https:\/\/casaglebinias.com\/backabril\/wp-content\/uploads\/2021\/02\/jardin_1-150x150.jpg\" class=\"attachment-thumbnail size-thumbnail\" alt=\"\" decoding=\"async\" loading=\"lazy\" \/><\/a>\n\t\t\t<\/dt><\/dl><dl class='gallery-item'>\n\t\t\t<dt class='gallery-icon landscape'>\n\t\t\t\t<a href='https:\/\/casaglebinias.com\/backabril\/wp-content\/uploads\/2021\/02\/jardin_23.jpg'><img width=\"150\" height=\"150\" src=\"https:\/\/casaglebinias.com\/backabril\/wp-content\/uploads\/2021\/02\/jardin_23-150x150.jpg\" class=\"attachment-thumbnail size-thumbnail\" alt=\"\" decoding=\"async\" loading=\"lazy\" \/><\/a>\n\t\t\t<\/dt><\/dl><br style=\"clear: both\" \/><dl class='gallery-item'>\n\t\t\t<dt class='gallery-icon landscape'>\n\t\t\t\t<a href='https:\/\/casaglebinias.com\/backabril\/wp-content\/uploads\/2021\/02\/jardin_22.jpg'><img width=\"150\" height=\"150\" src=\"https:\/\/casaglebinias.com\/backabril\/wp-content\/uploads\/2021\/02\/jardin_22-150x150.jpg\" class=\"attachment-thumbnail size-thumbnail\" alt=\"\" decoding=\"async\" loading=\"lazy\" \/><\/a>\n\t\t\t<\/dt><\/dl><dl class='gallery-item'>\n\t\t\t<dt class='gallery-icon landscape'>\n\t\t\t\t<a href='https:\/\/casaglebinias.com\/backabril\/wp-content\/uploads\/2021\/02\/jardin_21.jpg'><img width=\"150\" height=\"150\" src=\"https:\/\/casaglebinias.com\/backabril\/wp-content\/uploads\/2021\/02\/jardin_21-150x150.jpg\" class=\"attachment-thumbnail size-thumbnail\" alt=\"\" decoding=\"async\" loading=\"lazy\" \/><\/a>\n\t\t\t<\/dt><\/dl>\n\t\t\t<br style='clear: both' \/>\n\t\t<\/div>\n\n<div class=\"well texto-slider\">\n<h2>JARD\u00cdN Y PISCINA<\/h2>\n<p>El jard\u00edn de 7. 000 m\u00b2 con estacionamiento y piscina, fue dise\u00f1ado y es construido por los propietarios del hotel, desde hace m\u00e1s de 30 a\u00f1os con apasionada dedicaci\u00f3n. El valor que gu\u00eda su trabajo es el logro de una<strong> armon\u00eda en las formas, colores y aromas durante todo el a\u00f1o.<\/strong> Sus m\u00e1s de 300 \u00e1rboles, cuidadosamente elegidos y distribuidos para lograr un efecto natural, incluyen 50 frutales de variedades cultivadas t\u00edpicamente en la regi\u00f3n: <strong>manzanos, cerezos, perales, durazneros, nogales, avellanos<\/strong> y otras especies. Los frutos pueden ser libremente consumidos por los pasajeros al pie del \u00e1rbol y constituyen la base de las <strong>mermeladas caseras que se sirven en los desayunos.<\/strong> Numerosos arbustos, plantas menores y algunas colecciones tra\u00eddas desde Francia enriquecen el lugar. La profusa vegetaci\u00f3n que envuelve los alojamientos genera una <strong>sensaci\u00f3n de bienestar,<\/strong> y los \u00edntimos y perfumados rincones invitan al reposo, a la lectura y al goce est\u00e9tico.<\/p>\n<p><a href=\"https:\/\/casaglebinias.com\/backabril\/el-hotel\/\">VOLVER ATR\u00c1S<\/a> <a href=\"https:\/\/casaglebinias.com\/backabril\/wp-content\/uploads\/2021\/05\/3290-1.jpg\" rel=\"gallery-0\">VER M\u00c1S FOTOS<\/a><\/p>\n<\/div>\n<\/div>\n","protected":false},"excerpt":{"rendered":"","protected":false},"author":1,"featured_media":0,"parent":0,"menu_order":0,"comment_status":"closed","ping_status":"closed","template":"","meta":{"_joinchat":[]},"yoast_head":"<!-- This site is optimized with the Yoast SEO plugin v21.3 - https:\/\/yoast.com\/wordpress\/plugins\/seo\/ -->\n<title>Hotel Jard\u00edn y Piscina - Casa Glebinias<\/title>\n<meta name=\"robots\" content=\"index, follow, max-snippet:-1, max-image-preview:large, max-video-preview:-1\" \/>\n<link rel=\"canonical\" href=\"https:\/\/casaglebinias.com\/backabril\/hotel-jardin-y-piscina\/\" \/>\n<meta property=\"og:locale\" content=\"es_ES\" \/>\n<meta property=\"og:type\" content=\"article\" \/>\n<meta property=\"og:title\" content=\"Hotel Jard\u00edn y Piscina - Casa Glebinias\" \/>\n<meta property=\"og:url\" content=\"https:\/\/casaglebinias.com\/backabril\/hotel-jardin-y-piscina\/\" \/>\n<meta property=\"og:site_name\" content=\"Casa Glebinias\" \/>\n<meta property=\"article:publisher\" content=\"https:\/\/www.facebook.com\/pg\/CasaGlebinias\" \/>\n<meta property=\"article:modified_time\" content=\"2021-05-10T16:08:43+00:00\" \/>\n<meta property=\"og:image\" content=\"https:\/\/casaglebinias.com\/backabril\/wp-content\/uploads\/2021\/05\/piscina-jardin-cover.jpg\" \/>\n<meta name=\"twitter:card\" content=\"summary_large_image\" \/>\n<meta name=\"twitter:label1\" content=\"Tiempo de lectura\" \/>\n\t<meta name=\"twitter:data1\" content=\"1 minuto\" \/>\n<script type=\"application\/ld+json\" class=\"yoast-schema-graph\">{\"@context\":\"https:\/\/schema.org\",\"@graph\":[{\"@type\":\"WebPage\",\"@id\":\"https:\/\/casaglebinias.com\/backabril\/hotel-jardin-y-piscina\/\",\"url\":\"https:\/\/casaglebinias.com\/backabril\/hotel-jardin-y-piscina\/\",\"name\":\"Hotel Jard\u00edn y Piscina - Casa Glebinias\",\"isPartOf\":{\"@id\":\"https:\/\/casaglebinias.com\/backabril\/#website\"},\"datePublished\":\"2019-09-26T18:12:32+00:00\",\"dateModified\":\"2021-05-10T16:08:43+00:00\",\"breadcrumb\":{\"@id\":\"https:\/\/casaglebinias.com\/backabril\/hotel-jardin-y-piscina\/#breadcrumb\"},\"inLanguage\":\"es-AR\",\"potentialAction\":[{\"@type\":\"ReadAction\",\"target\":[\"https:\/\/casaglebinias.com\/backabril\/hotel-jardin-y-piscina\/\"]}]},{\"@type\":\"BreadcrumbList\",\"@id\":\"https:\/\/casaglebinias.com\/backabril\/hotel-jardin-y-piscina\/#breadcrumb\",\"itemListElement\":[{\"@type\":\"ListItem\",\"position\":1,\"name\":\"Inicio\",\"item\":\"https:\/\/casaglebinias.com\/backabril\/\"},{\"@type\":\"ListItem\",\"position\":2,\"name\":\"Hotel Jard\u00edn y Piscina\"}]},{\"@type\":\"WebSite\",\"@id\":\"https:\/\/casaglebinias.com\/backabril\/#website\",\"url\":\"https:\/\/casaglebinias.com\/backabril\/\",\"name\":\"Casa Glebinias\",\"description\":\"Hotel Jard\u00edn\",\"publisher\":{\"@id\":\"https:\/\/casaglebinias.com\/backabril\/#organization\"},\"potentialAction\":[{\"@type\":\"SearchAction\",\"target\":{\"@type\":\"EntryPoint\",\"urlTemplate\":\"https:\/\/casaglebinias.com\/backabril\/?s={search_term_string}\"},\"query-input\":\"required name=search_term_string\"}],\"inLanguage\":\"es-AR\"},{\"@type\":\"Organization\",\"@id\":\"https:\/\/casaglebinias.com\/backabril\/#organization\",\"name\":\"Casa Glebinias\",\"url\":\"https:\/\/casaglebinias.com\/backabril\/\",\"logo\":{\"@type\":\"ImageObject\",\"inLanguage\":\"es-AR\",\"@id\":\"https:\/\/casaglebinias.com\/backabril\/#\/schema\/logo\/image\/\",\"url\":\"https:\/\/casaglebinias.com\/backabril\/wp-content\/uploads\/2019\/09\/logo_casa_glebinias.png\",\"contentUrl\":\"https:\/\/casaglebinias.com\/backabril\/wp-content\/uploads\/2019\/09\/logo_casa_glebinias.png\",\"width\":458,\"height\":116,\"caption\":\"Casa Glebinias\"},\"image\":{\"@id\":\"https:\/\/casaglebinias.com\/backabril\/#\/schema\/logo\/image\/\"},\"sameAs\":[\"https:\/\/www.facebook.com\/pg\/CasaGlebinias\",\"https:\/\/www.instagram.com\/casaglebinias\/\"]}]}<\/script>\n<!-- \/ Yoast SEO plugin. -->","yoast_head_json":{"title":"Hotel Jard\u00edn y Piscina - Casa Glebinias","robots":{"index":"index","follow":"follow","max-snippet":"max-snippet:-1","max-image-preview":"max-image-preview:large","max-video-preview":"max-video-preview:-1"},"canonical":"https:\/\/casaglebinias.com\/backabril\/hotel-jardin-y-piscina\/","og_locale":"es_ES","og_type":"article","og_title":"Hotel Jard\u00edn y Piscina - Casa Glebinias","og_url":"https:\/\/casaglebinias.com\/backabril\/hotel-jardin-y-piscina\/","og_site_name":"Casa Glebinias","article_publisher":"https:\/\/www.facebook.com\/pg\/CasaGlebinias","article_modified_time":"2021-05-10T16:08:43+00:00","og_image":[{"url":"https:\/\/casaglebinias.com\/backabril\/wp-content\/uploads\/2021\/05\/piscina-jardin-cover.jpg"}],"twitter_card":"summary_large_image","twitter_misc":{"Tiempo de lectura":"1 minuto"},"schema":{"@context":"https:\/\/schema.org","@graph":[{"@type":"WebPage","@id":"https:\/\/casaglebinias.com\/backabril\/hotel-jardin-y-piscina\/","url":"https:\/\/casaglebinias.com\/backabril\/hotel-jardin-y-piscina\/","name":"Hotel Jard\u00edn y Piscina - Casa Glebinias","isPartOf":{"@id":"https:\/\/casaglebinias.com\/backabril\/#website"},"datePublished":"2019-09-26T18:12:32+00:00","dateModified":"2021-05-10T16:08:43+00:00","breadcrumb":{"@id":"https:\/\/casaglebinias.com\/backabril\/hotel-jardin-y-piscina\/#breadcrumb"},"inLanguage":"es-AR","potentialAction":[{"@type":"ReadAction","target":["https:\/\/casaglebinias.com\/backabril\/hotel-jardin-y-piscina\/"]}]},{"@type":"BreadcrumbList","@id":"https:\/\/casaglebinias.com\/backabril\/hotel-jardin-y-piscina\/#breadcrumb","itemListElement":[{"@type":"ListItem","position":1,"name":"Inicio","item":"https:\/\/casaglebinias.com\/backabril\/"},{"@type":"ListItem","position":2,"name":"Hotel Jard\u00edn y Piscina"}]},{"@type":"WebSite","@id":"https:\/\/casaglebinias.com\/backabril\/#website","url":"https:\/\/casaglebinias.com\/backabril\/","name":"Casa Glebinias","description":"Hotel Jard\u00edn","publisher":{"@id":"https:\/\/casaglebinias.com\/backabril\/#organization"},"potentialAction":[{"@type":"SearchAction","target":{"@type":"EntryPoint","urlTemplate":"https:\/\/casaglebinias.com\/backabril\/?s={search_term_string}"},"query-input":"required name=search_term_string"}],"inLanguage":"es-AR"},{"@type":"Organization","@id":"https:\/\/casaglebinias.com\/backabril\/#organization","name":"Casa Glebinias","url":"https:\/\/casaglebinias.com\/backabril\/","logo":{"@type":"ImageObject","inLanguage":"es-AR","@id":"https:\/\/casaglebinias.com\/backabril\/#\/schema\/logo\/image\/","url":"https:\/\/casaglebinias.com\/backabril\/wp-content\/uploads\/2019\/09\/logo_casa_glebinias.png","contentUrl":"https:\/\/casaglebinias.com\/backabril\/wp-content\/uploads\/2019\/09\/logo_casa_glebinias.png","width":458,"height":116,"caption":"Casa Glebinias"},"image":{"@id":"https:\/\/casaglebinias.com\/backabril\/#\/schema\/logo\/image\/"},"sameAs":["https:\/\/www.facebook.com\/pg\/CasaGlebinias","https:\/\/www.instagram.com\/casaglebinias\/"]}]}},"_links":{"self":[{"href":"https:\/\/casaglebinias.com\/backabril\/wp-json\/wp\/v2\/pages\/172"}],"collection":[{"href":"https:\/\/casaglebinias.com\/backabril\/wp-json\/wp\/v2\/pages"}],"about":[{"href":"https:\/\/casaglebinias.com\/backabril\/wp-json\/wp\/v2\/types\/page"}],"author":[{"embeddable":true,"href":"https:\/\/casaglebinias.com\/backabril\/wp-json\/wp\/v2\/users\/1"}],"replies":[{"embeddable":true,"href":"https:\/\/casaglebinias.com\/backabril\/wp-json\/wp\/v2\/comments?post=172"}],"version-history":[{"count":23,"href":"https:\/\/casaglebinias.com\/backabril\/wp-json\/wp\/v2\/pages\/172\/revisions"}],"predecessor-version":[{"id":2260,"href":"https:\/\/casaglebinias.com\/backabril\/wp-json\/wp\/v2\/pages\/172\/revisions\/2260"}],"wp:attachment":[{"href":"https:\/\/casaglebinias.com\/backabril\/wp-json\/wp\/v2\/media?parent=172"}],"curies":[{"name":"wp","href":"https:\/\/api.w.org\/{rel}","templated":true}]}}