{"id":1220,"date":"2019-12-02T13:19:17","date_gmt":"2019-12-02T16:19:17","guid":{"rendered":"https:\/\/casaglebinias.com\/backabril\/?page_id=1220"},"modified":"2021-05-14T10:19:24","modified_gmt":"2021-05-14T13:19:24","slug":"hotel-actividades-pt","status":"publish","type":"page","link":"https:\/\/casaglebinias.com\/backabril\/pt\/hotel-actividades-pt\/","title":{"rendered":"Hotel Actividades PT"},"content":{"rendered":"<div class=\"container-fluid bloque-hotel actividades\">\n<p><a href=\"https:\/\/casaglebinias.com\/backabril\/wp-content\/uploads\/2019\/10\/0992.jpg\" rel=\"gallery-0\"><img decoding=\"async\" loading=\"lazy\" class=\"alignnone size-full wp-image-538\" src=\"https:\/\/casaglebinias.com\/backabril\/wp-content\/uploads\/2019\/10\/0992.jpg\" alt=\"hotel\" width=\"1920\" height=\"1080\" \/><\/a><\/p>\n\n\t\t<style type=\"text\/css\">\n\t\t\t#gallery-1 {\n\t\t\t\tmargin: auto;\n\t\t\t}\n\t\t\t#gallery-1 .gallery-item {\n\t\t\t\tfloat: left;\n\t\t\t\tmargin-top: 10px;\n\t\t\t\ttext-align: center;\n\t\t\t\twidth: 20%;\n\t\t\t}\n\t\t\t#gallery-1 img {\n\t\t\t\tborder: 2px solid #cfcfcf;\n\t\t\t}\n\t\t\t#gallery-1 .gallery-caption {\n\t\t\t\tmargin-left: 0;\n\t\t\t}\n\t\t\t\/* see gallery_shortcode() in wp-includes\/media.php *\/\n\t\t<\/style>\n\t\t<div id='gallery-1' class='gallery galleryid-1220 gallery-columns-5 gallery-size-thumbnail'><dl class='gallery-item'>\n\t\t\t<dt class='gallery-icon landscape'>\n\t\t\t\t<a href='https:\/\/casaglebinias.com\/backabril\/wp-content\/uploads\/2019\/10\/0992.jpg'><img width=\"150\" height=\"150\" src=\"https:\/\/casaglebinias.com\/backabril\/wp-content\/uploads\/2019\/10\/0992-150x150.jpg\" class=\"attachment-thumbnail size-thumbnail\" alt=\"hotel\" decoding=\"async\" loading=\"lazy\" \/><\/a>\n\t\t\t<\/dt><\/dl><dl class='gallery-item'>\n\t\t\t<dt class='gallery-icon landscape'>\n\t\t\t\t<a href='https:\/\/casaglebinias.com\/backabril\/wp-content\/uploads\/2019\/10\/010.jpg'><img width=\"150\" height=\"150\" src=\"https:\/\/casaglebinias.com\/backabril\/wp-content\/uploads\/2019\/10\/010-150x150.jpg\" class=\"attachment-thumbnail size-thumbnail\" alt=\"\" decoding=\"async\" loading=\"lazy\" \/><\/a>\n\t\t\t<\/dt><\/dl><dl class='gallery-item'>\n\t\t\t<dt class='gallery-icon landscape'>\n\t\t\t\t<a href='https:\/\/casaglebinias.com\/backabril\/wp-content\/uploads\/2019\/10\/0962.jpg'><img width=\"150\" height=\"150\" src=\"https:\/\/casaglebinias.com\/backabril\/wp-content\/uploads\/2019\/10\/0962-150x150.jpg\" class=\"attachment-thumbnail size-thumbnail\" alt=\"\" decoding=\"async\" loading=\"lazy\" \/><\/a>\n\t\t\t<\/dt><\/dl><dl class='gallery-item'>\n\t\t\t<dt class='gallery-icon landscape'>\n\t\t\t\t<a href='https:\/\/casaglebinias.com\/backabril\/wp-content\/uploads\/2019\/10\/2511.jpg'><img width=\"150\" height=\"150\" src=\"https:\/\/casaglebinias.com\/backabril\/wp-content\/uploads\/2019\/10\/2511-150x150.jpg\" class=\"attachment-thumbnail size-thumbnail\" alt=\"\" decoding=\"async\" loading=\"lazy\" \/><\/a>\n\t\t\t<\/dt><\/dl><dl class='gallery-item'>\n\t\t\t<dt class='gallery-icon landscape'>\n\t\t\t\t<a href='https:\/\/casaglebinias.com\/backabril\/wp-content\/uploads\/2019\/10\/2602.jpg'><img width=\"150\" height=\"150\" src=\"https:\/\/casaglebinias.com\/backabril\/wp-content\/uploads\/2019\/10\/2602-150x150.jpg\" class=\"attachment-thumbnail size-thumbnail\" alt=\"\" decoding=\"async\" loading=\"lazy\" \/><\/a>\n\t\t\t<\/dt><\/dl><br style=\"clear: both\" \/><dl class='gallery-item'>\n\t\t\t<dt class='gallery-icon landscape'>\n\t\t\t\t<a href='https:\/\/casaglebinias.com\/backabril\/wp-content\/uploads\/2019\/10\/3424.jpg'><img width=\"150\" height=\"150\" src=\"https:\/\/casaglebinias.com\/backabril\/wp-content\/uploads\/2019\/10\/3424-150x150.jpg\" class=\"attachment-thumbnail size-thumbnail\" alt=\"\" decoding=\"async\" loading=\"lazy\" \/><\/a>\n\t\t\t<\/dt><\/dl><dl class='gallery-item'>\n\t\t\t<dt class='gallery-icon landscape'>\n\t\t\t\t<a href='https:\/\/casaglebinias.com\/backabril\/wp-content\/uploads\/2019\/10\/Cabalgata.jpg'><img width=\"150\" height=\"150\" src=\"https:\/\/casaglebinias.com\/backabril\/wp-content\/uploads\/2019\/10\/Cabalgata-150x150.jpg\" class=\"attachment-thumbnail size-thumbnail\" alt=\"\" decoding=\"async\" loading=\"lazy\" \/><\/a>\n\t\t\t<\/dt><\/dl><dl class='gallery-item'>\n\t\t\t<dt class='gallery-icon landscape'>\n\t\t\t\t<a href='https:\/\/casaglebinias.com\/backabril\/wp-content\/uploads\/2019\/10\/Rafting.jpg'><img width=\"150\" height=\"150\" src=\"https:\/\/casaglebinias.com\/backabril\/wp-content\/uploads\/2019\/10\/Rafting-150x150.jpg\" class=\"attachment-thumbnail size-thumbnail\" alt=\"\" decoding=\"async\" loading=\"lazy\" \/><\/a>\n\t\t\t<\/dt><\/dl>\n\t\t\t<br style='clear: both' \/>\n\t\t<\/div>\n\n<div class=\"well texto-slider\">\n<h2><b>O LOCAL E ATIVIDADES<\/b><\/h2>\n<p>Apenas a 15 quil\u00f4metros da capital de Mendoza, ativo centro universit\u00e1rio, economico, cultural, comercial e social, e a 30 km do aeroporto internacional, est\u00e1 localizada a <strong>pitoresca vila de Chacras de Coria<\/strong>, emoldurada pelo imponente Cord\u00f3n del Plata e a 120 km do Monte Aconc\u00e1gua. A regi\u00e3o \u00e9 caracterizada por grandes jardins e fazendas de vinhedos e frutas que, como resultado da urbaniza\u00e7\u00e3o, v\u00e3o se transformando gradualmente. Seus <strong>quase mil metros de altitude acima do n\u00edvel do mar<\/strong> lhe conferem um clima agrad\u00e1vel, fresco \u00e0 noite e quente durante o dia, sob um c\u00e9u luminoso. As ruas arborizadas e as t\u00edpicas \u201cacequias\u201d (pequenos canais) convidam a um passeio vespertino. A pra\u00e7a no centro da vila, de grande anima\u00e7\u00e3o, conta com um simp\u00e1tico mercado de pulgas e atrai a aten\u00e7\u00e3o do visitante. O local possui uma popula\u00e7\u00e3o variada que inclui <strong>artistas, artes\u00e3os e escritores<\/strong>. Especialmente, conta com a antiga Casa Gui\u00f1az\u00fa, hoje <strong>Museu Fader<\/strong>, que abriga a mais importante cole\u00e7\u00e3o de Fernando Fader, um pintor de Mendoza e um dos mais representativos da arte argentina do in\u00edcio do s\u00e9culo XX. Enraizada no sop\u00e9 dos Andes, na rodovia internacional para o Chile, permite ao visitante \u00e1vido de emo\u00e7\u00f5es todo tipo de esportes: esqui, montanhismo, caminhadas, rafting, passeios a cavalo, parapente, ciclismo, pesca, observa\u00e7\u00e3o de aves e windsurf. Atualmente \u00e9 uma pra\u00e7a gastron\u00f4mica reconhecida e tem o charme de estar em um dos Caminhos do Vinho, de onde vem, entre outros, o prestigiado Malbec. \u00c9 o ponto de partida ideal para visitar os vinhedos caracter\u00edsticos e as mais representativas vin\u00edcolas, que oferecem degusta\u00e7\u00f5es e almo\u00e7os harmonizados com seus vinhos, no cen\u00e1rio encantador de arquiteturas cl\u00e1ssicas ou contempor\u00e2neas. Dentro deste cen\u00e1rio, nosso hotel oferece<strong> aulas de culin\u00e1ria baseadas em comidas tradicionais argentinas.<\/strong> Finalmente, os pratos elaborados s\u00e3o apreciados no jantar com um vinho premium preparado pelo en\u00f3logo da casa.<\/p>\n<p><a href=\"https:\/\/casaglebinias.com\/backabril\/el-hotel\/\">VOLTAR<\/a> <a href=\"https:\/\/casaglebinias.com\/backabril\/wp-content\/uploads\/2019\/10\/0992.jpg\" rel=\"gallery-0\">VEJA MAIS FOTOS<\/a><\/p>\n<\/div>\n<\/div>\n","protected":false},"excerpt":{"rendered":"","protected":false},"author":1,"featured_media":0,"parent":0,"menu_order":0,"comment_status":"closed","ping_status":"closed","template":"","meta":{"_joinchat":[]},"yoast_head":"<!-- This site is optimized with the Yoast SEO plugin v21.3 - https:\/\/yoast.com\/wordpress\/plugins\/seo\/ -->\n<title>Hotel Actividades PT - Casa Glebinias<\/title>\n<meta name=\"robots\" content=\"index, follow, max-snippet:-1, max-image-preview:large, max-video-preview:-1\" \/>\n<link rel=\"canonical\" href=\"https:\/\/casaglebinias.com\/backabril\/pt\/hotel-actividades-pt\/\" \/>\n<meta property=\"og:locale\" content=\"es_ES\" \/>\n<meta property=\"og:type\" content=\"article\" \/>\n<meta property=\"og:title\" content=\"Hotel Actividades PT - Casa Glebinias\" \/>\n<meta property=\"og:url\" content=\"https:\/\/casaglebinias.com\/backabril\/pt\/hotel-actividades-pt\/\" \/>\n<meta property=\"og:site_name\" content=\"Casa Glebinias\" \/>\n<meta property=\"article:publisher\" content=\"https:\/\/www.facebook.com\/pg\/CasaGlebinias\" \/>\n<meta property=\"article:modified_time\" content=\"2021-05-14T13:19:24+00:00\" \/>\n<meta property=\"og:image\" content=\"https:\/\/casaglebinias.com\/backabril\/wp-content\/uploads\/2019\/10\/0992.jpg\" \/>\n<meta name=\"twitter:card\" content=\"summary_large_image\" \/>\n<meta name=\"twitter:label1\" content=\"Tiempo de lectura\" \/>\n\t<meta name=\"twitter:data1\" content=\"2 minutos\" \/>\n<script type=\"application\/ld+json\" class=\"yoast-schema-graph\">{\"@context\":\"https:\/\/schema.org\",\"@graph\":[{\"@type\":\"WebPage\",\"@id\":\"https:\/\/casaglebinias.com\/backabril\/pt\/hotel-actividades-pt\/\",\"url\":\"https:\/\/casaglebinias.com\/backabril\/pt\/hotel-actividades-pt\/\",\"name\":\"Hotel Actividades PT - Casa Glebinias\",\"isPartOf\":{\"@id\":\"https:\/\/casaglebinias.com\/backabril\/#website\"},\"datePublished\":\"2019-12-02T16:19:17+00:00\",\"dateModified\":\"2021-05-14T13:19:24+00:00\",\"breadcrumb\":{\"@id\":\"https:\/\/casaglebinias.com\/backabril\/pt\/hotel-actividades-pt\/#breadcrumb\"},\"inLanguage\":\"es-AR\",\"potentialAction\":[{\"@type\":\"ReadAction\",\"target\":[\"https:\/\/casaglebinias.com\/backabril\/pt\/hotel-actividades-pt\/\"]}]},{\"@type\":\"BreadcrumbList\",\"@id\":\"https:\/\/casaglebinias.com\/backabril\/pt\/hotel-actividades-pt\/#breadcrumb\",\"itemListElement\":[{\"@type\":\"ListItem\",\"position\":1,\"name\":\"Inicio\",\"item\":\"https:\/\/casaglebinias.com\/backabril\/\"},{\"@type\":\"ListItem\",\"position\":2,\"name\":\"Hotel Actividades PT\"}]},{\"@type\":\"WebSite\",\"@id\":\"https:\/\/casaglebinias.com\/backabril\/#website\",\"url\":\"https:\/\/casaglebinias.com\/backabril\/\",\"name\":\"Casa Glebinias\",\"description\":\"Hotel Jard\u00edn\",\"publisher\":{\"@id\":\"https:\/\/casaglebinias.com\/backabril\/#organization\"},\"potentialAction\":[{\"@type\":\"SearchAction\",\"target\":{\"@type\":\"EntryPoint\",\"urlTemplate\":\"https:\/\/casaglebinias.com\/backabril\/?s={search_term_string}\"},\"query-input\":\"required name=search_term_string\"}],\"inLanguage\":\"es-AR\"},{\"@type\":\"Organization\",\"@id\":\"https:\/\/casaglebinias.com\/backabril\/#organization\",\"name\":\"Casa Glebinias\",\"url\":\"https:\/\/casaglebinias.com\/backabril\/\",\"logo\":{\"@type\":\"ImageObject\",\"inLanguage\":\"es-AR\",\"@id\":\"https:\/\/casaglebinias.com\/backabril\/#\/schema\/logo\/image\/\",\"url\":\"https:\/\/casaglebinias.com\/backabril\/wp-content\/uploads\/2019\/09\/logo_casa_glebinias.png\",\"contentUrl\":\"https:\/\/casaglebinias.com\/backabril\/wp-content\/uploads\/2019\/09\/logo_casa_glebinias.png\",\"width\":458,\"height\":116,\"caption\":\"Casa Glebinias\"},\"image\":{\"@id\":\"https:\/\/casaglebinias.com\/backabril\/#\/schema\/logo\/image\/\"},\"sameAs\":[\"https:\/\/www.facebook.com\/pg\/CasaGlebinias\",\"https:\/\/www.instagram.com\/casaglebinias\/\"]}]}<\/script>\n<!-- \/ Yoast SEO plugin. -->","yoast_head_json":{"title":"Hotel Actividades PT - Casa Glebinias","robots":{"index":"index","follow":"follow","max-snippet":"max-snippet:-1","max-image-preview":"max-image-preview:large","max-video-preview":"max-video-preview:-1"},"canonical":"https:\/\/casaglebinias.com\/backabril\/pt\/hotel-actividades-pt\/","og_locale":"es_ES","og_type":"article","og_title":"Hotel Actividades PT - Casa Glebinias","og_url":"https:\/\/casaglebinias.com\/backabril\/pt\/hotel-actividades-pt\/","og_site_name":"Casa Glebinias","article_publisher":"https:\/\/www.facebook.com\/pg\/CasaGlebinias","article_modified_time":"2021-05-14T13:19:24+00:00","og_image":[{"url":"https:\/\/casaglebinias.com\/backabril\/wp-content\/uploads\/2019\/10\/0992.jpg"}],"twitter_card":"summary_large_image","twitter_misc":{"Tiempo de lectura":"2 minutos"},"schema":{"@context":"https:\/\/schema.org","@graph":[{"@type":"WebPage","@id":"https:\/\/casaglebinias.com\/backabril\/pt\/hotel-actividades-pt\/","url":"https:\/\/casaglebinias.com\/backabril\/pt\/hotel-actividades-pt\/","name":"Hotel Actividades PT - Casa Glebinias","isPartOf":{"@id":"https:\/\/casaglebinias.com\/backabril\/#website"},"datePublished":"2019-12-02T16:19:17+00:00","dateModified":"2021-05-14T13:19:24+00:00","breadcrumb":{"@id":"https:\/\/casaglebinias.com\/backabril\/pt\/hotel-actividades-pt\/#breadcrumb"},"inLanguage":"es-AR","potentialAction":[{"@type":"ReadAction","target":["https:\/\/casaglebinias.com\/backabril\/pt\/hotel-actividades-pt\/"]}]},{"@type":"BreadcrumbList","@id":"https:\/\/casaglebinias.com\/backabril\/pt\/hotel-actividades-pt\/#breadcrumb","itemListElement":[{"@type":"ListItem","position":1,"name":"Inicio","item":"https:\/\/casaglebinias.com\/backabril\/"},{"@type":"ListItem","position":2,"name":"Hotel Actividades PT"}]},{"@type":"WebSite","@id":"https:\/\/casaglebinias.com\/backabril\/#website","url":"https:\/\/casaglebinias.com\/backabril\/","name":"Casa Glebinias","description":"Hotel Jard\u00edn","publisher":{"@id":"https:\/\/casaglebinias.com\/backabril\/#organization"},"potentialAction":[{"@type":"SearchAction","target":{"@type":"EntryPoint","urlTemplate":"https:\/\/casaglebinias.com\/backabril\/?s={search_term_string}"},"query-input":"required name=search_term_string"}],"inLanguage":"es-AR"},{"@type":"Organization","@id":"https:\/\/casaglebinias.com\/backabril\/#organization","name":"Casa Glebinias","url":"https:\/\/casaglebinias.com\/backabril\/","logo":{"@type":"ImageObject","inLanguage":"es-AR","@id":"https:\/\/casaglebinias.com\/backabril\/#\/schema\/logo\/image\/","url":"https:\/\/casaglebinias.com\/backabril\/wp-content\/uploads\/2019\/09\/logo_casa_glebinias.png","contentUrl":"https:\/\/casaglebinias.com\/backabril\/wp-content\/uploads\/2019\/09\/logo_casa_glebinias.png","width":458,"height":116,"caption":"Casa Glebinias"},"image":{"@id":"https:\/\/casaglebinias.com\/backabril\/#\/schema\/logo\/image\/"},"sameAs":["https:\/\/www.facebook.com\/pg\/CasaGlebinias","https:\/\/www.instagram.com\/casaglebinias\/"]}]}},"_links":{"self":[{"href":"https:\/\/casaglebinias.com\/backabril\/wp-json\/wp\/v2\/pages\/1220"}],"collection":[{"href":"https:\/\/casaglebinias.com\/backabril\/wp-json\/wp\/v2\/pages"}],"about":[{"href":"https:\/\/casaglebinias.com\/backabril\/wp-json\/wp\/v2\/types\/page"}],"author":[{"embeddable":true,"href":"https:\/\/casaglebinias.com\/backabril\/wp-json\/wp\/v2\/users\/1"}],"replies":[{"embeddable":true,"href":"https:\/\/casaglebinias.com\/backabril\/wp-json\/wp\/v2\/comments?post=1220"}],"version-history":[{"count":5,"href":"https:\/\/casaglebinias.com\/backabril\/wp-json\/wp\/v2\/pages\/1220\/revisions"}],"predecessor-version":[{"id":2305,"href":"https:\/\/casaglebinias.com\/backabril\/wp-json\/wp\/v2\/pages\/1220\/revisions\/2305"}],"wp:attachment":[{"href":"https:\/\/casaglebinias.com\/backabril\/wp-json\/wp\/v2\/media?parent=1220"}],"curies":[{"name":"wp","href":"https:\/\/api.w.org\/{rel}","templated":true}]}}