{"id":1202,"date":"2019-12-02T13:10:05","date_gmt":"2019-12-02T16:10:05","guid":{"rendered":"https:\/\/casaglebinias.com\/backabril\/?page_id=1202"},"modified":"2021-05-13T14:47:46","modified_gmt":"2021-05-13T17:47:46","slug":"hotel-desayuno","status":"publish","type":"page","link":"https:\/\/casaglebinias.com\/backabril\/hotel-desayuno\/","title":{"rendered":"Hotel Desayuno"},"content":{"rendered":"<div class=\"container-fluid bloque-hotel\">\n<p><a href=\"https:\/\/casaglebinias.com\/backabril\/wp-content\/uploads\/2019\/10\/2516-2.jpg\" rel=\"gallery-0\"><img decoding=\"async\" loading=\"lazy\" class=\"alignnone size-full wp-image-831\" src=\"https:\/\/casaglebinias.com\/backabril\/wp-content\/uploads\/2019\/10\/2516-2.jpg\" alt=\"hotel\" width=\"1920\" height=\"1080\" \/><\/a><\/p>\n\n\t\t<style type=\"text\/css\">\n\t\t\t#gallery-1 {\n\t\t\t\tmargin: auto;\n\t\t\t}\n\t\t\t#gallery-1 .gallery-item {\n\t\t\t\tfloat: left;\n\t\t\t\tmargin-top: 10px;\n\t\t\t\ttext-align: center;\n\t\t\t\twidth: 20%;\n\t\t\t}\n\t\t\t#gallery-1 img {\n\t\t\t\tborder: 2px solid #cfcfcf;\n\t\t\t}\n\t\t\t#gallery-1 .gallery-caption {\n\t\t\t\tmargin-left: 0;\n\t\t\t}\n\t\t\t\/* see gallery_shortcode() in wp-includes\/media.php *\/\n\t\t<\/style>\n\t\t<div id='gallery-1' class='gallery galleryid-1202 gallery-columns-5 gallery-size-thumbnail'><dl class='gallery-item'>\n\t\t\t<dt class='gallery-icon landscape'>\n\t\t\t\t<a href='https:\/\/casaglebinias.com\/backabril\/wp-content\/uploads\/2021\/02\/desayuno_6.jpg'><img width=\"150\" height=\"150\" src=\"https:\/\/casaglebinias.com\/backabril\/wp-content\/uploads\/2021\/02\/desayuno_6-150x150.jpg\" class=\"attachment-thumbnail size-thumbnail\" alt=\"\" decoding=\"async\" loading=\"lazy\" \/><\/a>\n\t\t\t<\/dt><\/dl><dl class='gallery-item'>\n\t\t\t<dt class='gallery-icon landscape'>\n\t\t\t\t<a href='https:\/\/casaglebinias.com\/backabril\/wp-content\/uploads\/2021\/02\/desayuno_5.jpg'><img width=\"150\" height=\"150\" src=\"https:\/\/casaglebinias.com\/backabril\/wp-content\/uploads\/2021\/02\/desayuno_5-150x150.jpg\" class=\"attachment-thumbnail size-thumbnail\" alt=\"\" decoding=\"async\" loading=\"lazy\" \/><\/a>\n\t\t\t<\/dt><\/dl><dl class='gallery-item'>\n\t\t\t<dt class='gallery-icon landscape'>\n\t\t\t\t<a href='https:\/\/casaglebinias.com\/backabril\/wp-content\/uploads\/2021\/02\/desayuno_4.jpg'><img width=\"150\" height=\"150\" src=\"https:\/\/casaglebinias.com\/backabril\/wp-content\/uploads\/2021\/02\/desayuno_4-150x150.jpg\" class=\"attachment-thumbnail size-thumbnail\" alt=\"\" decoding=\"async\" loading=\"lazy\" \/><\/a>\n\t\t\t<\/dt><\/dl><dl class='gallery-item'>\n\t\t\t<dt class='gallery-icon landscape'>\n\t\t\t\t<a href='https:\/\/casaglebinias.com\/backabril\/wp-content\/uploads\/2021\/02\/desayuno_2.jpg'><img width=\"150\" height=\"150\" src=\"https:\/\/casaglebinias.com\/backabril\/wp-content\/uploads\/2021\/02\/desayuno_2-150x150.jpg\" class=\"attachment-thumbnail size-thumbnail\" alt=\"\" decoding=\"async\" loading=\"lazy\" \/><\/a>\n\t\t\t<\/dt><\/dl><dl class='gallery-item'>\n\t\t\t<dt class='gallery-icon landscape'>\n\t\t\t\t<a href='https:\/\/casaglebinias.com\/backabril\/wp-content\/uploads\/2021\/02\/desayuno_3.jpg'><img width=\"150\" height=\"150\" src=\"https:\/\/casaglebinias.com\/backabril\/wp-content\/uploads\/2021\/02\/desayuno_3-150x150.jpg\" class=\"attachment-thumbnail size-thumbnail\" alt=\"\" decoding=\"async\" loading=\"lazy\" \/><\/a>\n\t\t\t<\/dt><\/dl><br style=\"clear: both\" \/><dl class='gallery-item'>\n\t\t\t<dt class='gallery-icon landscape'>\n\t\t\t\t<a href='https:\/\/casaglebinias.com\/backabril\/wp-content\/uploads\/2021\/02\/desayuno_1.jpg'><img width=\"150\" height=\"150\" src=\"https:\/\/casaglebinias.com\/backabril\/wp-content\/uploads\/2021\/02\/desayuno_1-150x150.jpg\" class=\"attachment-thumbnail size-thumbnail\" alt=\"\" decoding=\"async\" loading=\"lazy\" \/><\/a>\n\t\t\t<\/dt><\/dl>\n\t\t\t<br style='clear: both' \/>\n\t\t<\/div>\n\n<div class=\"well texto-slider\">\n<h2>DESAYUNO<\/h2>\n<p>El desayuno se sirve diariamente de 8.30 a 11:00 en la galer\u00eda vidriada de la casa principal o en los alojamientos. Y una bandeja especial se prepara para los que deban salir m\u00e1s temprano. Comprende <strong>caf\u00e9 expreso<\/strong>, selecci\u00f3n de t\u00e9s, leche,<strong> mermeladas caseras<\/strong> preparadas con frutos del propio vergel, <strong>panes de elaboraci\u00f3n propia<\/strong>, medialunas,\u00a0 jam\u00f3n, queso, <strong>yogur casero<\/strong>, tartas dulces, petit fours, frutas,<strong> jugo de naranja natural exprimida<\/strong>, cereales diversos, manteca, queso crema y huevos seg\u00fan el gusto del hu\u00e9sped. Asimismo, solicit\u00e1ndolo con anticipaci\u00f3n, dispondremos de leche de soja y tostadas y cereales sin gluten.<\/p>\n<p><a href=\"https:\/\/casaglebinias.com\/backabril\/el-hotel\/\">VOLVER ATR\u00c1S<\/a> <a href=\"https:\/\/casaglebinias.com\/backabril\/wp-content\/uploads\/2019\/10\/2516-2.jpg\" rel=\"gallery-0\">VER M\u00c1S FOTOS<\/a><\/p>\n<\/div>\n<\/div>\n","protected":false},"excerpt":{"rendered":"","protected":false},"author":1,"featured_media":0,"parent":0,"menu_order":0,"comment_status":"closed","ping_status":"closed","template":"","meta":{"_joinchat":[]},"yoast_head":"<!-- This site is optimized with the Yoast SEO plugin v21.3 - https:\/\/yoast.com\/wordpress\/plugins\/seo\/ -->\n<title>Hotel Desayuno - Casa Glebinias<\/title>\n<meta name=\"robots\" content=\"index, follow, max-snippet:-1, max-image-preview:large, max-video-preview:-1\" \/>\n<link rel=\"canonical\" href=\"https:\/\/casaglebinias.com\/backabril\/hotel-desayuno\/\" \/>\n<meta property=\"og:locale\" content=\"es_ES\" \/>\n<meta property=\"og:type\" content=\"article\" \/>\n<meta property=\"og:title\" content=\"Hotel Desayuno - Casa Glebinias\" \/>\n<meta property=\"og:url\" content=\"https:\/\/casaglebinias.com\/backabril\/hotel-desayuno\/\" \/>\n<meta property=\"og:site_name\" content=\"Casa Glebinias\" \/>\n<meta property=\"article:publisher\" content=\"https:\/\/www.facebook.com\/pg\/CasaGlebinias\" \/>\n<meta property=\"article:modified_time\" content=\"2021-05-13T17:47:46+00:00\" \/>\n<meta property=\"og:image\" content=\"https:\/\/casaglebinias.com\/backabril\/wp-content\/uploads\/2019\/10\/2516-2.jpg\" \/>\n<meta name=\"twitter:card\" content=\"summary_large_image\" \/>\n<meta name=\"twitter:label1\" content=\"Tiempo de lectura\" \/>\n\t<meta name=\"twitter:data1\" content=\"1 minuto\" \/>\n<script type=\"application\/ld+json\" class=\"yoast-schema-graph\">{\"@context\":\"https:\/\/schema.org\",\"@graph\":[{\"@type\":\"WebPage\",\"@id\":\"https:\/\/casaglebinias.com\/backabril\/hotel-desayuno\/\",\"url\":\"https:\/\/casaglebinias.com\/backabril\/hotel-desayuno\/\",\"name\":\"Hotel Desayuno - Casa Glebinias\",\"isPartOf\":{\"@id\":\"https:\/\/casaglebinias.com\/backabril\/#website\"},\"datePublished\":\"2019-12-02T16:10:05+00:00\",\"dateModified\":\"2021-05-13T17:47:46+00:00\",\"breadcrumb\":{\"@id\":\"https:\/\/casaglebinias.com\/backabril\/hotel-desayuno\/#breadcrumb\"},\"inLanguage\":\"es-AR\",\"potentialAction\":[{\"@type\":\"ReadAction\",\"target\":[\"https:\/\/casaglebinias.com\/backabril\/hotel-desayuno\/\"]}]},{\"@type\":\"BreadcrumbList\",\"@id\":\"https:\/\/casaglebinias.com\/backabril\/hotel-desayuno\/#breadcrumb\",\"itemListElement\":[{\"@type\":\"ListItem\",\"position\":1,\"name\":\"Inicio\",\"item\":\"https:\/\/casaglebinias.com\/backabril\/\"},{\"@type\":\"ListItem\",\"position\":2,\"name\":\"Hotel Desayuno\"}]},{\"@type\":\"WebSite\",\"@id\":\"https:\/\/casaglebinias.com\/backabril\/#website\",\"url\":\"https:\/\/casaglebinias.com\/backabril\/\",\"name\":\"Casa Glebinias\",\"description\":\"Hotel Jard\u00edn\",\"publisher\":{\"@id\":\"https:\/\/casaglebinias.com\/backabril\/#organization\"},\"potentialAction\":[{\"@type\":\"SearchAction\",\"target\":{\"@type\":\"EntryPoint\",\"urlTemplate\":\"https:\/\/casaglebinias.com\/backabril\/?s={search_term_string}\"},\"query-input\":\"required name=search_term_string\"}],\"inLanguage\":\"es-AR\"},{\"@type\":\"Organization\",\"@id\":\"https:\/\/casaglebinias.com\/backabril\/#organization\",\"name\":\"Casa Glebinias\",\"url\":\"https:\/\/casaglebinias.com\/backabril\/\",\"logo\":{\"@type\":\"ImageObject\",\"inLanguage\":\"es-AR\",\"@id\":\"https:\/\/casaglebinias.com\/backabril\/#\/schema\/logo\/image\/\",\"url\":\"https:\/\/casaglebinias.com\/backabril\/wp-content\/uploads\/2019\/09\/logo_casa_glebinias.png\",\"contentUrl\":\"https:\/\/casaglebinias.com\/backabril\/wp-content\/uploads\/2019\/09\/logo_casa_glebinias.png\",\"width\":458,\"height\":116,\"caption\":\"Casa Glebinias\"},\"image\":{\"@id\":\"https:\/\/casaglebinias.com\/backabril\/#\/schema\/logo\/image\/\"},\"sameAs\":[\"https:\/\/www.facebook.com\/pg\/CasaGlebinias\",\"https:\/\/www.instagram.com\/casaglebinias\/\"]}]}<\/script>\n<!-- \/ Yoast SEO plugin. -->","yoast_head_json":{"title":"Hotel Desayuno - Casa Glebinias","robots":{"index":"index","follow":"follow","max-snippet":"max-snippet:-1","max-image-preview":"max-image-preview:large","max-video-preview":"max-video-preview:-1"},"canonical":"https:\/\/casaglebinias.com\/backabril\/hotel-desayuno\/","og_locale":"es_ES","og_type":"article","og_title":"Hotel Desayuno - Casa Glebinias","og_url":"https:\/\/casaglebinias.com\/backabril\/hotel-desayuno\/","og_site_name":"Casa Glebinias","article_publisher":"https:\/\/www.facebook.com\/pg\/CasaGlebinias","article_modified_time":"2021-05-13T17:47:46+00:00","og_image":[{"url":"https:\/\/casaglebinias.com\/backabril\/wp-content\/uploads\/2019\/10\/2516-2.jpg"}],"twitter_card":"summary_large_image","twitter_misc":{"Tiempo de lectura":"1 minuto"},"schema":{"@context":"https:\/\/schema.org","@graph":[{"@type":"WebPage","@id":"https:\/\/casaglebinias.com\/backabril\/hotel-desayuno\/","url":"https:\/\/casaglebinias.com\/backabril\/hotel-desayuno\/","name":"Hotel Desayuno - Casa Glebinias","isPartOf":{"@id":"https:\/\/casaglebinias.com\/backabril\/#website"},"datePublished":"2019-12-02T16:10:05+00:00","dateModified":"2021-05-13T17:47:46+00:00","breadcrumb":{"@id":"https:\/\/casaglebinias.com\/backabril\/hotel-desayuno\/#breadcrumb"},"inLanguage":"es-AR","potentialAction":[{"@type":"ReadAction","target":["https:\/\/casaglebinias.com\/backabril\/hotel-desayuno\/"]}]},{"@type":"BreadcrumbList","@id":"https:\/\/casaglebinias.com\/backabril\/hotel-desayuno\/#breadcrumb","itemListElement":[{"@type":"ListItem","position":1,"name":"Inicio","item":"https:\/\/casaglebinias.com\/backabril\/"},{"@type":"ListItem","position":2,"name":"Hotel Desayuno"}]},{"@type":"WebSite","@id":"https:\/\/casaglebinias.com\/backabril\/#website","url":"https:\/\/casaglebinias.com\/backabril\/","name":"Casa Glebinias","description":"Hotel Jard\u00edn","publisher":{"@id":"https:\/\/casaglebinias.com\/backabril\/#organization"},"potentialAction":[{"@type":"SearchAction","target":{"@type":"EntryPoint","urlTemplate":"https:\/\/casaglebinias.com\/backabril\/?s={search_term_string}"},"query-input":"required name=search_term_string"}],"inLanguage":"es-AR"},{"@type":"Organization","@id":"https:\/\/casaglebinias.com\/backabril\/#organization","name":"Casa Glebinias","url":"https:\/\/casaglebinias.com\/backabril\/","logo":{"@type":"ImageObject","inLanguage":"es-AR","@id":"https:\/\/casaglebinias.com\/backabril\/#\/schema\/logo\/image\/","url":"https:\/\/casaglebinias.com\/backabril\/wp-content\/uploads\/2019\/09\/logo_casa_glebinias.png","contentUrl":"https:\/\/casaglebinias.com\/backabril\/wp-content\/uploads\/2019\/09\/logo_casa_glebinias.png","width":458,"height":116,"caption":"Casa Glebinias"},"image":{"@id":"https:\/\/casaglebinias.com\/backabril\/#\/schema\/logo\/image\/"},"sameAs":["https:\/\/www.facebook.com\/pg\/CasaGlebinias","https:\/\/www.instagram.com\/casaglebinias\/"]}]}},"_links":{"self":[{"href":"https:\/\/casaglebinias.com\/backabril\/wp-json\/wp\/v2\/pages\/1202"}],"collection":[{"href":"https:\/\/casaglebinias.com\/backabril\/wp-json\/wp\/v2\/pages"}],"about":[{"href":"https:\/\/casaglebinias.com\/backabril\/wp-json\/wp\/v2\/types\/page"}],"author":[{"embeddable":true,"href":"https:\/\/casaglebinias.com\/backabril\/wp-json\/wp\/v2\/users\/1"}],"replies":[{"embeddable":true,"href":"https:\/\/casaglebinias.com\/backabril\/wp-json\/wp\/v2\/comments?post=1202"}],"version-history":[{"count":3,"href":"https:\/\/casaglebinias.com\/backabril\/wp-json\/wp\/v2\/pages\/1202\/revisions"}],"predecessor-version":[{"id":2271,"href":"https:\/\/casaglebinias.com\/backabril\/wp-json\/wp\/v2\/pages\/1202\/revisions\/2271"}],"wp:attachment":[{"href":"https:\/\/casaglebinias.com\/backabril\/wp-json\/wp\/v2\/media?parent=1202"}],"curies":[{"name":"wp","href":"https:\/\/api.w.org\/{rel}","templated":true}]}}