{"id":1194,"date":"2019-12-02T12:59:11","date_gmt":"2019-12-02T15:59:11","guid":{"rendered":"https:\/\/casaglebinias.com\/backabril\/?page_id=1194"},"modified":"2024-01-05T10:57:29","modified_gmt":"2024-01-05T13:57:29","slug":"hotel-actividades","status":"publish","type":"page","link":"https:\/\/casaglebinias.com\/backabril\/hotel-actividades\/","title":{"rendered":"Hotel Actividades"},"content":{"rendered":"<div class=\"container-fluid bloque-hotel actividades\">\n<p><a href=\"https:\/\/casaglebinias.com\/backabril\/wp-content\/uploads\/2019\/10\/0992.jpg\" rel=\"gallery-0\"><img decoding=\"async\" loading=\"lazy\" class=\"alignnone size-full wp-image-538\" src=\"https:\/\/casaglebinias.com\/backabril\/wp-content\/uploads\/2019\/10\/0992.jpg\" alt=\"hotel\" width=\"1920\" height=\"1080\" \/><\/a><\/p>\n\n\t\t<style type=\"text\/css\">\n\t\t\t#gallery-1 {\n\t\t\t\tmargin: auto;\n\t\t\t}\n\t\t\t#gallery-1 .gallery-item {\n\t\t\t\tfloat: left;\n\t\t\t\tmargin-top: 10px;\n\t\t\t\ttext-align: center;\n\t\t\t\twidth: 20%;\n\t\t\t}\n\t\t\t#gallery-1 img {\n\t\t\t\tborder: 2px solid #cfcfcf;\n\t\t\t}\n\t\t\t#gallery-1 .gallery-caption {\n\t\t\t\tmargin-left: 0;\n\t\t\t}\n\t\t\t\/* see gallery_shortcode() in wp-includes\/media.php *\/\n\t\t<\/style>\n\t\t<div id='gallery-1' class='gallery galleryid-1194 gallery-columns-5 gallery-size-thumbnail'><dl class='gallery-item'>\n\t\t\t<dt class='gallery-icon landscape'>\n\t\t\t\t<a href='https:\/\/casaglebinias.com\/backabril\/wp-content\/uploads\/2019\/10\/0992.jpg'><img width=\"150\" height=\"150\" src=\"https:\/\/casaglebinias.com\/backabril\/wp-content\/uploads\/2019\/10\/0992-150x150.jpg\" class=\"attachment-thumbnail size-thumbnail\" alt=\"hotel\" decoding=\"async\" loading=\"lazy\" \/><\/a>\n\t\t\t<\/dt><\/dl><dl class='gallery-item'>\n\t\t\t<dt class='gallery-icon landscape'>\n\t\t\t\t<a href='https:\/\/casaglebinias.com\/backabril\/wp-content\/uploads\/2019\/10\/010.jpg'><img width=\"150\" height=\"150\" src=\"https:\/\/casaglebinias.com\/backabril\/wp-content\/uploads\/2019\/10\/010-150x150.jpg\" class=\"attachment-thumbnail size-thumbnail\" alt=\"\" decoding=\"async\" loading=\"lazy\" \/><\/a>\n\t\t\t<\/dt><\/dl><dl class='gallery-item'>\n\t\t\t<dt class='gallery-icon landscape'>\n\t\t\t\t<a href='https:\/\/casaglebinias.com\/backabril\/wp-content\/uploads\/2019\/10\/0962.jpg'><img width=\"150\" height=\"150\" src=\"https:\/\/casaglebinias.com\/backabril\/wp-content\/uploads\/2019\/10\/0962-150x150.jpg\" class=\"attachment-thumbnail size-thumbnail\" alt=\"\" decoding=\"async\" loading=\"lazy\" \/><\/a>\n\t\t\t<\/dt><\/dl><dl class='gallery-item'>\n\t\t\t<dt class='gallery-icon landscape'>\n\t\t\t\t<a href='https:\/\/casaglebinias.com\/backabril\/wp-content\/uploads\/2019\/10\/2511.jpg'><img width=\"150\" height=\"150\" src=\"https:\/\/casaglebinias.com\/backabril\/wp-content\/uploads\/2019\/10\/2511-150x150.jpg\" class=\"attachment-thumbnail size-thumbnail\" alt=\"\" decoding=\"async\" loading=\"lazy\" \/><\/a>\n\t\t\t<\/dt><\/dl><dl class='gallery-item'>\n\t\t\t<dt class='gallery-icon landscape'>\n\t\t\t\t<a href='https:\/\/casaglebinias.com\/backabril\/wp-content\/uploads\/2019\/10\/2602.jpg'><img width=\"150\" height=\"150\" src=\"https:\/\/casaglebinias.com\/backabril\/wp-content\/uploads\/2019\/10\/2602-150x150.jpg\" class=\"attachment-thumbnail size-thumbnail\" alt=\"\" decoding=\"async\" loading=\"lazy\" \/><\/a>\n\t\t\t<\/dt><\/dl><br style=\"clear: both\" \/><dl class='gallery-item'>\n\t\t\t<dt class='gallery-icon landscape'>\n\t\t\t\t<a href='https:\/\/casaglebinias.com\/backabril\/wp-content\/uploads\/2019\/10\/3424.jpg'><img width=\"150\" height=\"150\" src=\"https:\/\/casaglebinias.com\/backabril\/wp-content\/uploads\/2019\/10\/3424-150x150.jpg\" class=\"attachment-thumbnail size-thumbnail\" alt=\"\" decoding=\"async\" loading=\"lazy\" \/><\/a>\n\t\t\t<\/dt><\/dl><dl class='gallery-item'>\n\t\t\t<dt class='gallery-icon landscape'>\n\t\t\t\t<a href='https:\/\/casaglebinias.com\/backabril\/wp-content\/uploads\/2019\/10\/Cabalgata.jpg'><img width=\"150\" height=\"150\" src=\"https:\/\/casaglebinias.com\/backabril\/wp-content\/uploads\/2019\/10\/Cabalgata-150x150.jpg\" class=\"attachment-thumbnail size-thumbnail\" alt=\"\" decoding=\"async\" loading=\"lazy\" \/><\/a>\n\t\t\t<\/dt><\/dl><dl class='gallery-item'>\n\t\t\t<dt class='gallery-icon landscape'>\n\t\t\t\t<a href='https:\/\/casaglebinias.com\/backabril\/wp-content\/uploads\/2019\/10\/Rafting.jpg'><img width=\"150\" height=\"150\" src=\"https:\/\/casaglebinias.com\/backabril\/wp-content\/uploads\/2019\/10\/Rafting-150x150.jpg\" class=\"attachment-thumbnail size-thumbnail\" alt=\"\" decoding=\"async\" loading=\"lazy\" \/><\/a>\n\t\t\t<\/dt><\/dl><dl class='gallery-item'>\n\t\t\t<dt class='gallery-icon landscape'>\n\t\t\t\t<a href='https:\/\/casaglebinias.com\/backabril\/wp-content\/uploads\/2024\/01\/pajarito.jpg'><img width=\"150\" height=\"150\" src=\"https:\/\/casaglebinias.com\/backabril\/wp-content\/uploads\/2024\/01\/pajarito-150x150.jpg\" class=\"attachment-thumbnail size-thumbnail\" alt=\"\" decoding=\"async\" loading=\"lazy\" \/><\/a>\n\t\t\t<\/dt><\/dl>\n\t\t\t<br style='clear: both' \/>\n\t\t<\/div>\n\n<div class=\"well texto-slider\">\n<h2>EL LUGAR Y ACTIVIDADES<\/h2>\n<p>A s\u00f3lo 15 kil\u00f3metros de la capital mendocina, activo centro universitario, econ\u00f3mico, cultural, comercial y social, y a 30 kil\u00f3metros del aeropuerto internacional, se encuentra <strong>el pintoresco pueblo Chacras de Coria,<\/strong> enmarcado por el imponente Cord\u00f3n del Plata y a 120 km del Cerro Aconcagua. Caracterizado por grandes jardines y fincas de vi\u00f1edos y frutales que, como consecuencia de la urbanizaci\u00f3n, van transform\u00e1ndose paulatinamente. Sus <strong>casi mil metros de altitud sobre el nivel del mar<\/strong> le otorgan un agradable clima, fresco por las noches y tibio durante el d\u00eda, bajo un luminoso cielo. Arboladas calles con t\u00edpicas acequias invitan a un paseo vespertino, y la plaza en el centro del pueblo, de gran animaci\u00f3n, con un simp\u00e1tico mercado de pulgas, atraen la atenci\u00f3n del visitante. El lugar posee una variada poblaci\u00f3n que incluye <strong>artistas, artesanos y escritores.<\/strong> Especialmente, cuenta con la antigua Casa Gui\u00f1az\u00fa, hoy <strong>Museo Fader<\/strong>, que alberga la colecci\u00f3n m\u00e1s importante de Fernando Fader, pintor mendocino y uno de los m\u00e1s representativos del arte argentino de principios del siglo XX. Arraigada al pie de los Andes, sobre la ruta internacional a Chile, permite al visitante \u00e1vido de emociones, realizar todo tipo de deportes: esqu\u00ed, andinismo, caminatas, rafting, cabalgatas, parapente, ciclismo, pesca con mosca, avistamiento de aves y windsurf. Actualmente es una plaza gastron\u00f3mica reconocida y posee el encanto de estar en uno de los caminos del vino, de donde provienen, entre otros, los prestigiosos Malbec. Es el punto de partida ideal para las visitas a los caracter\u00edsticos vi\u00f1edos y a las m\u00e1s representativas bodegas, que ofrecen degustaciones y almuerzos con el maridaje de sus vinos, en el marco encantador de arquitecturas cl\u00e1sicas o contempor\u00e1neas. Dentro de este escenario, nuestro hotel ofrece <strong>clases de cocina basadas en las comidas tradicionales argentinas.<\/strong> Finalmente, los platos elaborados se disfrutan en la cena con el vino de alta gama preparado por el en\u00f3logo de la casa.<\/p>\n<p><a href=\"https:\/\/casaglebinias.com\/backabril\/el-hotel\/\">VOLVER ATR\u00c1S<\/a> <a href=\"https:\/\/casaglebinias.com\/backabril\/wp-content\/uploads\/2019\/10\/0992.jpg\" rel=\"gallery-0\">VER M\u00c1S FOTOS<\/a><\/p>\n<\/div>\n<\/div>\n","protected":false},"excerpt":{"rendered":"","protected":false},"author":1,"featured_media":0,"parent":0,"menu_order":0,"comment_status":"closed","ping_status":"closed","template":"","meta":{"_joinchat":[]},"yoast_head":"<!-- This site is optimized with the Yoast SEO plugin v21.3 - https:\/\/yoast.com\/wordpress\/plugins\/seo\/ -->\n<title>Hotel Actividades - Casa Glebinias<\/title>\n<meta name=\"robots\" content=\"index, follow, max-snippet:-1, max-image-preview:large, max-video-preview:-1\" \/>\n<link rel=\"canonical\" href=\"https:\/\/casaglebinias.com\/backabril\/hotel-actividades\/\" \/>\n<meta property=\"og:locale\" content=\"es_ES\" \/>\n<meta property=\"og:type\" content=\"article\" \/>\n<meta property=\"og:title\" content=\"Hotel Actividades - Casa Glebinias\" \/>\n<meta property=\"og:url\" content=\"https:\/\/casaglebinias.com\/backabril\/hotel-actividades\/\" \/>\n<meta property=\"og:site_name\" content=\"Casa Glebinias\" \/>\n<meta property=\"article:publisher\" content=\"https:\/\/www.facebook.com\/pg\/CasaGlebinias\" \/>\n<meta property=\"article:modified_time\" content=\"2024-01-05T13:57:29+00:00\" \/>\n<meta property=\"og:image\" content=\"https:\/\/casaglebinias.com\/backabril\/wp-content\/uploads\/2019\/10\/0992.jpg\" \/>\n<meta name=\"twitter:card\" content=\"summary_large_image\" \/>\n<meta name=\"twitter:label1\" content=\"Tiempo de lectura\" \/>\n\t<meta name=\"twitter:data1\" content=\"2 minutos\" \/>\n<script type=\"application\/ld+json\" class=\"yoast-schema-graph\">{\"@context\":\"https:\/\/schema.org\",\"@graph\":[{\"@type\":\"WebPage\",\"@id\":\"https:\/\/casaglebinias.com\/backabril\/hotel-actividades\/\",\"url\":\"https:\/\/casaglebinias.com\/backabril\/hotel-actividades\/\",\"name\":\"Hotel Actividades - Casa Glebinias\",\"isPartOf\":{\"@id\":\"https:\/\/casaglebinias.com\/backabril\/#website\"},\"datePublished\":\"2019-12-02T15:59:11+00:00\",\"dateModified\":\"2024-01-05T13:57:29+00:00\",\"breadcrumb\":{\"@id\":\"https:\/\/casaglebinias.com\/backabril\/hotel-actividades\/#breadcrumb\"},\"inLanguage\":\"es-AR\",\"potentialAction\":[{\"@type\":\"ReadAction\",\"target\":[\"https:\/\/casaglebinias.com\/backabril\/hotel-actividades\/\"]}]},{\"@type\":\"BreadcrumbList\",\"@id\":\"https:\/\/casaglebinias.com\/backabril\/hotel-actividades\/#breadcrumb\",\"itemListElement\":[{\"@type\":\"ListItem\",\"position\":1,\"name\":\"Inicio\",\"item\":\"https:\/\/casaglebinias.com\/backabril\/\"},{\"@type\":\"ListItem\",\"position\":2,\"name\":\"Hotel Actividades\"}]},{\"@type\":\"WebSite\",\"@id\":\"https:\/\/casaglebinias.com\/backabril\/#website\",\"url\":\"https:\/\/casaglebinias.com\/backabril\/\",\"name\":\"Casa Glebinias\",\"description\":\"Hotel Jard\u00edn\",\"publisher\":{\"@id\":\"https:\/\/casaglebinias.com\/backabril\/#organization\"},\"potentialAction\":[{\"@type\":\"SearchAction\",\"target\":{\"@type\":\"EntryPoint\",\"urlTemplate\":\"https:\/\/casaglebinias.com\/backabril\/?s={search_term_string}\"},\"query-input\":\"required name=search_term_string\"}],\"inLanguage\":\"es-AR\"},{\"@type\":\"Organization\",\"@id\":\"https:\/\/casaglebinias.com\/backabril\/#organization\",\"name\":\"Casa Glebinias\",\"url\":\"https:\/\/casaglebinias.com\/backabril\/\",\"logo\":{\"@type\":\"ImageObject\",\"inLanguage\":\"es-AR\",\"@id\":\"https:\/\/casaglebinias.com\/backabril\/#\/schema\/logo\/image\/\",\"url\":\"https:\/\/casaglebinias.com\/backabril\/wp-content\/uploads\/2019\/09\/logo_casa_glebinias.png\",\"contentUrl\":\"https:\/\/casaglebinias.com\/backabril\/wp-content\/uploads\/2019\/09\/logo_casa_glebinias.png\",\"width\":458,\"height\":116,\"caption\":\"Casa Glebinias\"},\"image\":{\"@id\":\"https:\/\/casaglebinias.com\/backabril\/#\/schema\/logo\/image\/\"},\"sameAs\":[\"https:\/\/www.facebook.com\/pg\/CasaGlebinias\",\"https:\/\/www.instagram.com\/casaglebinias\/\"]}]}<\/script>\n<!-- \/ Yoast SEO plugin. -->","yoast_head_json":{"title":"Hotel Actividades - Casa Glebinias","robots":{"index":"index","follow":"follow","max-snippet":"max-snippet:-1","max-image-preview":"max-image-preview:large","max-video-preview":"max-video-preview:-1"},"canonical":"https:\/\/casaglebinias.com\/backabril\/hotel-actividades\/","og_locale":"es_ES","og_type":"article","og_title":"Hotel Actividades - Casa Glebinias","og_url":"https:\/\/casaglebinias.com\/backabril\/hotel-actividades\/","og_site_name":"Casa Glebinias","article_publisher":"https:\/\/www.facebook.com\/pg\/CasaGlebinias","article_modified_time":"2024-01-05T13:57:29+00:00","og_image":[{"url":"https:\/\/casaglebinias.com\/backabril\/wp-content\/uploads\/2019\/10\/0992.jpg"}],"twitter_card":"summary_large_image","twitter_misc":{"Tiempo de lectura":"2 minutos"},"schema":{"@context":"https:\/\/schema.org","@graph":[{"@type":"WebPage","@id":"https:\/\/casaglebinias.com\/backabril\/hotel-actividades\/","url":"https:\/\/casaglebinias.com\/backabril\/hotel-actividades\/","name":"Hotel Actividades - Casa Glebinias","isPartOf":{"@id":"https:\/\/casaglebinias.com\/backabril\/#website"},"datePublished":"2019-12-02T15:59:11+00:00","dateModified":"2024-01-05T13:57:29+00:00","breadcrumb":{"@id":"https:\/\/casaglebinias.com\/backabril\/hotel-actividades\/#breadcrumb"},"inLanguage":"es-AR","potentialAction":[{"@type":"ReadAction","target":["https:\/\/casaglebinias.com\/backabril\/hotel-actividades\/"]}]},{"@type":"BreadcrumbList","@id":"https:\/\/casaglebinias.com\/backabril\/hotel-actividades\/#breadcrumb","itemListElement":[{"@type":"ListItem","position":1,"name":"Inicio","item":"https:\/\/casaglebinias.com\/backabril\/"},{"@type":"ListItem","position":2,"name":"Hotel Actividades"}]},{"@type":"WebSite","@id":"https:\/\/casaglebinias.com\/backabril\/#website","url":"https:\/\/casaglebinias.com\/backabril\/","name":"Casa Glebinias","description":"Hotel Jard\u00edn","publisher":{"@id":"https:\/\/casaglebinias.com\/backabril\/#organization"},"potentialAction":[{"@type":"SearchAction","target":{"@type":"EntryPoint","urlTemplate":"https:\/\/casaglebinias.com\/backabril\/?s={search_term_string}"},"query-input":"required name=search_term_string"}],"inLanguage":"es-AR"},{"@type":"Organization","@id":"https:\/\/casaglebinias.com\/backabril\/#organization","name":"Casa Glebinias","url":"https:\/\/casaglebinias.com\/backabril\/","logo":{"@type":"ImageObject","inLanguage":"es-AR","@id":"https:\/\/casaglebinias.com\/backabril\/#\/schema\/logo\/image\/","url":"https:\/\/casaglebinias.com\/backabril\/wp-content\/uploads\/2019\/09\/logo_casa_glebinias.png","contentUrl":"https:\/\/casaglebinias.com\/backabril\/wp-content\/uploads\/2019\/09\/logo_casa_glebinias.png","width":458,"height":116,"caption":"Casa Glebinias"},"image":{"@id":"https:\/\/casaglebinias.com\/backabril\/#\/schema\/logo\/image\/"},"sameAs":["https:\/\/www.facebook.com\/pg\/CasaGlebinias","https:\/\/www.instagram.com\/casaglebinias\/"]}]}},"_links":{"self":[{"href":"https:\/\/casaglebinias.com\/backabril\/wp-json\/wp\/v2\/pages\/1194"}],"collection":[{"href":"https:\/\/casaglebinias.com\/backabril\/wp-json\/wp\/v2\/pages"}],"about":[{"href":"https:\/\/casaglebinias.com\/backabril\/wp-json\/wp\/v2\/types\/page"}],"author":[{"embeddable":true,"href":"https:\/\/casaglebinias.com\/backabril\/wp-json\/wp\/v2\/users\/1"}],"replies":[{"embeddable":true,"href":"https:\/\/casaglebinias.com\/backabril\/wp-json\/wp\/v2\/comments?post=1194"}],"version-history":[{"count":3,"href":"https:\/\/casaglebinias.com\/backabril\/wp-json\/wp\/v2\/pages\/1194\/revisions"}],"predecessor-version":[{"id":2722,"href":"https:\/\/casaglebinias.com\/backabril\/wp-json\/wp\/v2\/pages\/1194\/revisions\/2722"}],"wp:attachment":[{"href":"https:\/\/casaglebinias.com\/backabril\/wp-json\/wp\/v2\/media?parent=1194"}],"curies":[{"name":"wp","href":"https:\/\/api.w.org\/{rel}","templated":true}]}}